{"id":1049,"date":"2022-01-10T13:34:43","date_gmt":"2022-01-10T13:34:43","guid":{"rendered":"https:\/\/secretelemuzicii.com\/?page_id=1049"},"modified":"2022-01-20T20:52:41","modified_gmt":"2022-01-20T20:52:41","slug":"repertoriul-de-iarna","status":"publish","type":"page","link":"https:\/\/secretelemuzicii.com\/ro\/repertoriul-de-iarna\/","title":{"rendered":"Repertoriul de Iarn\u0103"},"content":{"rendered":"<div class=\"wp-block-columns is-layout-flex wp-container-core-columns-is-layout-9d6595d7 wp-block-columns-is-layout-flex\">\n<div class=\"wp-block-column is-layout-flow wp-block-column-is-layout-flow\">\n<h2 class=\"has-text-align-center wp-block-heading\" style=\"font-size:30px\">We Wish You a Merry Christmas<\/h2>\n\n\n\n<figure class=\"wp-block-embed is-type-video is-provider-youtube wp-block-embed-youtube wp-embed-aspect-16-9 wp-has-aspect-ratio\"><div class=\"wp-block-embed__wrapper\">\n<iframe title=\"We Wish You a Merry Christmas - piano app - Educa\u021bie muzical\u0103 \u0218coala online - Learn How to Play\" width=\"880\" height=\"495\" src=\"https:\/\/www.youtube.com\/embed\/3byD8OwATzI?feature=oembed\" frameborder=\"0\" allow=\"accelerometer; autoplay; clipboard-write; encrypted-media; gyroscope; picture-in-picture\" allowfullscreen><\/iframe>\n<\/div><\/figure>\n<\/div>\n\n\n\n<div class=\"wp-block-column is-layout-flow wp-block-column-is-layout-flow\">\n<h2 class=\"has-text-align-center wp-block-heading\" style=\"font-size:30px\">Chrismas Jingles<\/h2>\n\n\n\n<h2 class=\"wp-block-heading\"><\/h2>\n\n\n\n<figure class=\"wp-block-embed is-type-video is-provider-youtube wp-block-embed-youtube wp-embed-aspect-16-9 wp-has-aspect-ratio\"><div class=\"wp-block-embed__wrapper\">\n<iframe title=\"Christmas Jingles - \u00cenva\u021b\u0103 s\u0103 c\u00e2n\u021bi la pianul virtual - Tablet Piano Apps \/ Scoala ONLINE\" width=\"880\" height=\"495\" src=\"https:\/\/www.youtube.com\/embed\/OIfVRpNJwXE?feature=oembed\" frameborder=\"0\" allow=\"accelerometer; autoplay; clipboard-write; encrypted-media; gyroscope; picture-in-picture\" allowfullscreen><\/iframe>\n<\/div><\/figure>\n<\/div>\n<\/div>\n\n\n\n<div class=\"wp-block-columns is-layout-flex wp-container-core-columns-is-layout-9d6595d7 wp-block-columns-is-layout-flex\">\n<div class=\"wp-block-column is-layout-flow wp-block-column-is-layout-flow\">\n<h2 class=\"has-text-align-center wp-block-heading\" style=\"font-size:30px\">Santa Claus in Coming To Town<\/h2>\n\n\n\n<figure class=\"wp-block-embed is-type-video is-provider-youtube wp-block-embed-youtube wp-embed-aspect-16-9 wp-has-aspect-ratio\"><div class=\"wp-block-embed__wrapper\">\n<iframe title=\"Santa Claus Is Coming To Town - Educa\u021bie Muzical\u0103 \/ \u0218coala Online - Distance Music teaching activity\" width=\"880\" height=\"495\" src=\"https:\/\/www.youtube.com\/embed\/M_StFj0t_dA?feature=oembed\" frameborder=\"0\" allow=\"accelerometer; autoplay; clipboard-write; encrypted-media; gyroscope; picture-in-picture\" allowfullscreen><\/iframe>\n<\/div><\/figure>\n<\/div>\n\n\n\n<div class=\"wp-block-column is-layout-flow wp-block-column-is-layout-flow\">\n<h2 class=\"has-text-align-center wp-block-heading\">Body Percussion<\/h2>\n\n\n\n<h2 class=\"wp-block-heading\"><\/h2>\n\n\n\n<figure class=\"wp-block-embed is-type-video is-provider-youtube wp-block-embed-youtube wp-embed-aspect-16-9 wp-has-aspect-ratio\"><div class=\"wp-block-embed__wrapper\">\n<iframe title=\"Christmas Body Percussion - \u0218coala Online - Educa\u021bie Muzicala \/ Distance Music teaching game\" width=\"880\" height=\"495\" src=\"https:\/\/www.youtube.com\/embed\/jgTzJFoGni0?feature=oembed\" frameborder=\"0\" allow=\"accelerometer; autoplay; clipboard-write; encrypted-media; gyroscope; picture-in-picture\" allowfullscreen><\/iframe>\n<\/div><\/figure>\n<\/div>\n<\/div>\n\n\n\n<div class=\"wp-block-columns is-layout-flex wp-container-core-columns-is-layout-9d6595d7 wp-block-columns-is-layout-flex\">\n<div class=\"wp-block-column is-layout-flow wp-block-column-is-layout-flow\">\n<h2 class=\"has-text-align-center wp-block-heading\" style=\"font-size:30px\">Jingle Bells! <\/h2>\n\n\n\n<figure class=\"wp-block-embed is-type-video is-provider-youtube wp-block-embed-youtube wp-embed-aspect-16-9 wp-has-aspect-ratio\"><div class=\"wp-block-embed__wrapper\">\n<iframe title=\"Jingle Bells - Chrome Music Lab - Educa\u021bie muzical\u0103 \/ Music Apps\" width=\"880\" height=\"495\" src=\"https:\/\/www.youtube.com\/embed\/g1AWB6C5wlM?feature=oembed\" frameborder=\"0\" allow=\"accelerometer; autoplay; clipboard-write; encrypted-media; gyroscope; picture-in-picture\" allowfullscreen><\/iframe>\n<\/div><figcaption>Ji<\/figcaption><\/figure>\n<\/div>\n\n\n\n<div class=\"wp-block-column is-layout-flow wp-block-column-is-layout-flow\">\n<h2 class=\"has-text-align-center wp-block-heading\" style=\"font-size:30px\">O, ce veste minunt\u0103!<\/h2>\n\n\n\n<figure class=\"wp-block-embed is-type-video is-provider-youtube wp-block-embed-youtube wp-embed-aspect-16-9 wp-has-aspect-ratio\"><div class=\"wp-block-embed__wrapper\">\n<iframe title=\"O ce veste minunat\u0103! Pian \/ karaoke - colinde rom\u00e2ne\u0219ti\" width=\"880\" height=\"495\" src=\"https:\/\/www.youtube.com\/embed\/4NRU1RN3dgI?feature=oembed\" frameborder=\"0\" allow=\"accelerometer; autoplay; clipboard-write; encrypted-media; gyroscope; picture-in-picture\" allowfullscreen><\/iframe>\n<\/div><\/figure>\n<\/div>\n<\/div>\n\n\n\n<div class=\"wp-block-columns is-layout-flex wp-container-core-columns-is-layout-9d6595d7 wp-block-columns-is-layout-flex\">\n<div class=\"wp-block-column is-layout-flow wp-block-column-is-layout-flow\">\n<h2 class=\"has-text-align-center wp-block-heading\" style=\"font-size:30px\">Rudoph, the Red Nosed Reindeer<\/h2>\n\n\n\n<figure class=\"wp-block-embed is-type-video is-provider-youtube wp-block-embed-youtube wp-embed-aspect-16-9 wp-has-aspect-ratio\"><div class=\"wp-block-embed__wrapper\">\n<iframe title=\"Rudoph -The Red Nosed Reindeer - piano tutorial \/ karaoke\" width=\"880\" height=\"495\" src=\"https:\/\/www.youtube.com\/embed\/aBnr-fQMwJU?feature=oembed\" frameborder=\"0\" allow=\"accelerometer; autoplay; clipboard-write; encrypted-media; gyroscope; picture-in-picture\" allowfullscreen><\/iframe>\n<\/div><\/figure>\n<\/div>\n\n\n\n<div class=\"wp-block-column is-layout-flow wp-block-column-is-layout-flow\">\n<h2 class=\"has-text-align-center wp-block-heading\" style=\"font-size:33px\">O, brad frumos!<\/h2>\n\n\n\n<h2 class=\"wp-block-heading\"><\/h2>\n\n\n\n<figure class=\"wp-block-embed is-type-video is-provider-youtube wp-block-embed-youtube wp-embed-aspect-16-9 wp-has-aspect-ratio\"><div class=\"wp-block-embed__wrapper\">\n<iframe title=\"O brad frumos - O Christmas Tree - piano version - Karaoke\" width=\"880\" height=\"495\" src=\"https:\/\/www.youtube.com\/embed\/9rCs-OmYNwY?feature=oembed\" frameborder=\"0\" allow=\"accelerometer; autoplay; clipboard-write; encrypted-media; gyroscope; picture-in-picture\" allowfullscreen><\/iframe>\n<\/div><\/figure>\n<\/div>\n<\/div>","protected":false},"excerpt":{"rendered":"<p>We Wish You a Merry Christmas Chrismas Jingles Santa Claus in Coming To Town Body Percussion Jingle Bells! O, ce<\/p>\n<p><a href=\"https:\/\/secretelemuzicii.com\/ro\/repertoriul-de-iarna\/\" class=\"more-link\">Continue reading<span class=\"screen-reader-text\">Repertoriul de Iarn\u0103<\/span><\/a><\/p>","protected":false},"author":1,"featured_media":0,"parent":0,"menu_order":0,"comment_status":"closed","ping_status":"closed","template":"","meta":{"_coblocks_attr":"","_coblocks_dimensions":"","_coblocks_responsive_height":"","_coblocks_accordion_ie_support":"","_mo_disable_npp":"","_ppp_document_settings_meta":"","footnotes":""},"class_list":["post-1049","page","type-page","status-publish","hentry"],"yoast_head":"<!-- This site is optimized with the Yoast SEO plugin v27.4 - https:\/\/yoast.com\/product\/yoast-seo-wordpress\/ -->\n<title>Repertoriul de Iarn\u0103 - Secretele Muzicii<\/title>\n<meta name=\"robots\" content=\"index, follow, max-snippet:-1, max-image-preview:large, max-video-preview:-1\" \/>\n<link rel=\"canonical\" href=\"https:\/\/secretelemuzicii.com\/ro\/repertoriul-de-iarna\/\" \/>\n<meta property=\"og:locale\" content=\"ro_RO\" \/>\n<meta property=\"og:type\" content=\"article\" \/>\n<meta property=\"og:title\" content=\"Repertoriul de Iarn\u0103 - Secretele Muzicii\" \/>\n<meta property=\"og:description\" content=\"We Wish You a Merry Christmas Chrismas Jingles Santa Claus in Coming To Town Body Percussion Jingle Bells! O, ceContinue readingRepertoriul de Iarn\u0103\" \/>\n<meta property=\"og:url\" content=\"https:\/\/secretelemuzicii.com\/ro\/repertoriul-de-iarna\/\" \/>\n<meta property=\"og:site_name\" content=\"Secretele Muzicii\" \/>\n<meta property=\"article:publisher\" content=\"https:\/\/www.facebook.com\/klaudyasecretelemuzicii\" \/>\n<meta property=\"article:modified_time\" content=\"2022-01-20T20:52:41+00:00\" \/>\n<meta name=\"twitter:card\" content=\"summary_large_image\" \/>\n<script type=\"application\/ld+json\" class=\"yoast-schema-graph\">{\"@context\":\"https:\\\/\\\/schema.org\",\"@graph\":[{\"@type\":\"WebPage\",\"@id\":\"https:\\\/\\\/secretelemuzicii.com\\\/repertoriul-de-iarna\\\/\",\"url\":\"https:\\\/\\\/secretelemuzicii.com\\\/repertoriul-de-iarna\\\/\",\"name\":\"Repertoriul de Iarn\u0103 - Secretele Muzicii\",\"isPartOf\":{\"@id\":\"https:\\\/\\\/secretelemuzicii.com\\\/#website\"},\"datePublished\":\"2022-01-10T13:34:43+00:00\",\"dateModified\":\"2022-01-20T20:52:41+00:00\",\"breadcrumb\":{\"@id\":\"https:\\\/\\\/secretelemuzicii.com\\\/repertoriul-de-iarna\\\/#breadcrumb\"},\"inLanguage\":\"ro-RO\",\"potentialAction\":[{\"@type\":\"ReadAction\",\"target\":[\"https:\\\/\\\/secretelemuzicii.com\\\/repertoriul-de-iarna\\\/\"]}]},{\"@type\":\"BreadcrumbList\",\"@id\":\"https:\\\/\\\/secretelemuzicii.com\\\/repertoriul-de-iarna\\\/#breadcrumb\",\"itemListElement\":[{\"@type\":\"ListItem\",\"position\":1,\"name\":\"Home\",\"item\":\"https:\\\/\\\/secretelemuzicii.com\\\/\"},{\"@type\":\"ListItem\",\"position\":2,\"name\":\"Repertoriul de Iarn\u0103\"}]},{\"@type\":\"WebSite\",\"@id\":\"https:\\\/\\\/secretelemuzicii.com\\\/#website\",\"url\":\"https:\\\/\\\/secretelemuzicii.com\\\/\",\"name\":\"Secretele Muzicii\",\"description\":\"\u00cenva\u021b\u0103 muzic\u0103 simplu, creativ \u0219i distractiv!\",\"publisher\":{\"@id\":\"https:\\\/\\\/secretelemuzicii.com\\\/#organization\"},\"potentialAction\":[{\"@type\":\"SearchAction\",\"target\":{\"@type\":\"EntryPoint\",\"urlTemplate\":\"https:\\\/\\\/secretelemuzicii.com\\\/?s={search_term_string}\"},\"query-input\":{\"@type\":\"PropertyValueSpecification\",\"valueRequired\":true,\"valueName\":\"search_term_string\"}}],\"inLanguage\":\"ro-RO\"},{\"@type\":\"Organization\",\"@id\":\"https:\\\/\\\/secretelemuzicii.com\\\/#organization\",\"name\":\"Secretele Muzicii\",\"url\":\"https:\\\/\\\/secretelemuzicii.com\\\/\",\"logo\":{\"@type\":\"ImageObject\",\"inLanguage\":\"ro-RO\",\"@id\":\"https:\\\/\\\/secretelemuzicii.com\\\/#\\\/schema\\\/logo\\\/image\\\/\",\"url\":\"https:\\\/\\\/secretelemuzicii.com\\\/wp-content\\\/uploads\\\/2022\\\/01\\\/cropped-Logo-Chitara-Cheia-sol-Alb.png\",\"contentUrl\":\"https:\\\/\\\/secretelemuzicii.com\\\/wp-content\\\/uploads\\\/2022\\\/01\\\/cropped-Logo-Chitara-Cheia-sol-Alb.png\",\"width\":2481,\"height\":2480,\"caption\":\"Secretele Muzicii\"},\"image\":{\"@id\":\"https:\\\/\\\/secretelemuzicii.com\\\/#\\\/schema\\\/logo\\\/image\\\/\"},\"sameAs\":[\"https:\\\/\\\/www.facebook.com\\\/klaudyasecretelemuzicii\",\"https:\\\/\\\/ro.linkedin.com\\\/in\\\/claudia-mazilu-8b1225177\",\"https:\\\/\\\/www.youtube.com\\\/@secretelemuzicii\\\/featured\"]}]}<\/script>\n<!-- \/ Yoast SEO plugin. -->","yoast_head_json":{"title":"Repertoriul de Iarn\u0103 - Secretele Muzicii","robots":{"index":"index","follow":"follow","max-snippet":"max-snippet:-1","max-image-preview":"max-image-preview:large","max-video-preview":"max-video-preview:-1"},"canonical":"https:\/\/secretelemuzicii.com\/ro\/repertoriul-de-iarna\/","og_locale":"ro_RO","og_type":"article","og_title":"Repertoriul de Iarn\u0103 - Secretele Muzicii","og_description":"We Wish You a Merry Christmas Chrismas Jingles Santa Claus in Coming To Town Body Percussion Jingle Bells! O, ceContinue readingRepertoriul de Iarn\u0103","og_url":"https:\/\/secretelemuzicii.com\/ro\/repertoriul-de-iarna\/","og_site_name":"Secretele Muzicii","article_publisher":"https:\/\/www.facebook.com\/klaudyasecretelemuzicii","article_modified_time":"2022-01-20T20:52:41+00:00","twitter_card":"summary_large_image","schema":{"@context":"https:\/\/schema.org","@graph":[{"@type":"WebPage","@id":"https:\/\/secretelemuzicii.com\/repertoriul-de-iarna\/","url":"https:\/\/secretelemuzicii.com\/repertoriul-de-iarna\/","name":"Repertoriul de Iarn\u0103 - Secretele Muzicii","isPartOf":{"@id":"https:\/\/secretelemuzicii.com\/#website"},"datePublished":"2022-01-10T13:34:43+00:00","dateModified":"2022-01-20T20:52:41+00:00","breadcrumb":{"@id":"https:\/\/secretelemuzicii.com\/repertoriul-de-iarna\/#breadcrumb"},"inLanguage":"ro-RO","potentialAction":[{"@type":"ReadAction","target":["https:\/\/secretelemuzicii.com\/repertoriul-de-iarna\/"]}]},{"@type":"BreadcrumbList","@id":"https:\/\/secretelemuzicii.com\/repertoriul-de-iarna\/#breadcrumb","itemListElement":[{"@type":"ListItem","position":1,"name":"Home","item":"https:\/\/secretelemuzicii.com\/"},{"@type":"ListItem","position":2,"name":"Repertoriul de Iarn\u0103"}]},{"@type":"WebSite","@id":"https:\/\/secretelemuzicii.com\/#website","url":"https:\/\/secretelemuzicii.com\/","name":"Secretele Muzicii","description":"\u00cenva\u021b\u0103 muzic\u0103 simplu, creativ \u0219i distractiv!","publisher":{"@id":"https:\/\/secretelemuzicii.com\/#organization"},"potentialAction":[{"@type":"SearchAction","target":{"@type":"EntryPoint","urlTemplate":"https:\/\/secretelemuzicii.com\/?s={search_term_string}"},"query-input":{"@type":"PropertyValueSpecification","valueRequired":true,"valueName":"search_term_string"}}],"inLanguage":"ro-RO"},{"@type":"Organization","@id":"https:\/\/secretelemuzicii.com\/#organization","name":"Secretele Muzicii","url":"https:\/\/secretelemuzicii.com\/","logo":{"@type":"ImageObject","inLanguage":"ro-RO","@id":"https:\/\/secretelemuzicii.com\/#\/schema\/logo\/image\/","url":"https:\/\/secretelemuzicii.com\/wp-content\/uploads\/2022\/01\/cropped-Logo-Chitara-Cheia-sol-Alb.png","contentUrl":"https:\/\/secretelemuzicii.com\/wp-content\/uploads\/2022\/01\/cropped-Logo-Chitara-Cheia-sol-Alb.png","width":2481,"height":2480,"caption":"Secretele Muzicii"},"image":{"@id":"https:\/\/secretelemuzicii.com\/#\/schema\/logo\/image\/"},"sameAs":["https:\/\/www.facebook.com\/klaudyasecretelemuzicii","https:\/\/ro.linkedin.com\/in\/claudia-mazilu-8b1225177","https:\/\/www.youtube.com\/@secretelemuzicii\/featured"]}]}},"_links":{"self":[{"href":"https:\/\/secretelemuzicii.com\/ro\/wp-json\/wp\/v2\/pages\/1049","targetHints":{"allow":["GET"]}}],"collection":[{"href":"https:\/\/secretelemuzicii.com\/ro\/wp-json\/wp\/v2\/pages"}],"about":[{"href":"https:\/\/secretelemuzicii.com\/ro\/wp-json\/wp\/v2\/types\/page"}],"author":[{"embeddable":true,"href":"https:\/\/secretelemuzicii.com\/ro\/wp-json\/wp\/v2\/users\/1"}],"replies":[{"embeddable":true,"href":"https:\/\/secretelemuzicii.com\/ro\/wp-json\/wp\/v2\/comments?post=1049"}],"version-history":[{"count":10,"href":"https:\/\/secretelemuzicii.com\/ro\/wp-json\/wp\/v2\/pages\/1049\/revisions"}],"predecessor-version":[{"id":2155,"href":"https:\/\/secretelemuzicii.com\/ro\/wp-json\/wp\/v2\/pages\/1049\/revisions\/2155"}],"wp:attachment":[{"href":"https:\/\/secretelemuzicii.com\/ro\/wp-json\/wp\/v2\/media?parent=1049"}],"curies":[{"name":"wp","href":"https:\/\/api.w.org\/{rel}","templated":true}]}}