{"id":1063,"date":"2022-01-10T13:52:12","date_gmt":"2022-01-10T13:52:12","guid":{"rendered":"https:\/\/secretelemuzicii.com\/?page_id=1063"},"modified":"2023-08-05T13:33:30","modified_gmt":"2023-08-05T13:33:30","slug":"muzica-si-miscare-clasa-a-ii-a","status":"publish","type":"page","link":"https:\/\/secretelemuzicii.com\/ro\/muzica-si-miscare-clasa-a-ii-a\/","title":{"rendered":"Clasa a II-a"},"content":{"rendered":"<div data-elementor-type=\"wp-page\" data-elementor-id=\"1063\" class=\"elementor elementor-1063\">\n\t\t\t\t\t\t<section class=\"elementor-section elementor-top-section elementor-element elementor-element-0141110 elementor-section-boxed elementor-section-height-default elementor-section-height-default\" data-id=\"0141110\" data-element_type=\"section\" data-e-type=\"section\">\n\t\t\t\t\t\t<div class=\"elementor-container elementor-column-gap-default\">\n\t\t\t\t\t<div class=\"elementor-column elementor-col-100 elementor-top-column elementor-element elementor-element-05789d9\" data-id=\"05789d9\" data-element_type=\"column\" data-e-type=\"column\">\n\t\t\t<div class=\"elementor-widget-wrap elementor-element-populated\">\n\t\t\t\t\t\t<div class=\"elementor-element elementor-element-09fb7fa elementor-widget elementor-widget-heading\" data-id=\"09fb7fa\" data-element_type=\"widget\" data-e-type=\"widget\" data-widget_type=\"heading.default\">\n\t\t\t\t<div class=\"elementor-widget-container\">\n\t\t\t\t\t<h2 class=\"elementor-heading-title elementor-size-large\">Sunet muzical vs. Zgomot. Calit\u0103\u021bile sunetului muzical<\/h2>\t\t\t\t<\/div>\n\t\t\t\t<\/div>\n\t\t\t\t<div class=\"elementor-element elementor-element-de4cdb8 elementor-widget elementor-widget-video\" data-id=\"de4cdb8\" data-element_type=\"widget\" data-e-type=\"widget\" data-settings=\"{&quot;youtube_url&quot;:&quot;https:\\\/\\\/youtu.be\\\/JRQpuSriD9Y&quot;,&quot;video_type&quot;:&quot;youtube&quot;,&quot;controls&quot;:&quot;yes&quot;}\" data-widget_type=\"video.default\">\n\t\t\t\t<div class=\"elementor-widget-container\">\n\t\t\t\t\t\t\t<div class=\"elementor-wrapper elementor-open-inline\">\n\t\t\t<div class=\"elementor-video\"><\/div>\t\t<\/div>\n\t\t\t\t\t\t<\/div>\n\t\t\t\t<\/div>\n\t\t\t\t\t<\/div>\n\t\t<\/div>\n\t\t\t\t\t<\/div>\n\t\t<\/section>\n\t\t\t\t<section class=\"elementor-section elementor-top-section elementor-element elementor-element-b866efe elementor-section-boxed elementor-section-height-default elementor-section-height-default\" data-id=\"b866efe\" data-element_type=\"section\" data-e-type=\"section\" data-settings=\"{&quot;background_background&quot;:&quot;video&quot;}\">\n\t\t\t\t\t\t<div class=\"elementor-container elementor-column-gap-default\">\n\t\t\t\t\t<div class=\"elementor-column elementor-col-50 elementor-top-column elementor-element elementor-element-59b495d\" data-id=\"59b495d\" data-element_type=\"column\" data-e-type=\"column\">\n\t\t\t<div class=\"elementor-widget-wrap elementor-element-populated\">\n\t\t\t\t\t\t<div class=\"elementor-element elementor-element-8e316da elementor-widget elementor-widget-heading\" data-id=\"8e316da\" data-element_type=\"widget\" data-e-type=\"widget\" data-widget_type=\"heading.default\">\n\t\t\t\t<div class=\"elementor-widget-container\">\n\t\t\t\t\t<h2 class=\"elementor-heading-title elementor-size-large\">Ast\u0103zi construim o Tob\u0103 - Juc\u0103rii muzicale<\/h2>\t\t\t\t<\/div>\n\t\t\t\t<\/div>\n\t\t\t\t<div class=\"elementor-element elementor-element-1138b84 elementor-widget elementor-widget-video\" data-id=\"1138b84\" data-element_type=\"widget\" data-e-type=\"widget\" data-settings=\"{&quot;youtube_url&quot;:&quot;https:\\\/\\\/youtu.be\\\/tbeNH1dBVgE&quot;,&quot;video_type&quot;:&quot;youtube&quot;,&quot;controls&quot;:&quot;yes&quot;}\" data-widget_type=\"video.default\">\n\t\t\t\t<div class=\"elementor-widget-container\">\n\t\t\t\t\t\t\t<div class=\"elementor-wrapper elementor-open-inline\">\n\t\t\t<div class=\"elementor-video\"><\/div>\t\t<\/div>\n\t\t\t\t\t\t<\/div>\n\t\t\t\t<\/div>\n\t\t\t\t\t<\/div>\n\t\t<\/div>\n\t\t\t\t<div class=\"elementor-column elementor-col-50 elementor-top-column elementor-element elementor-element-e57b680\" data-id=\"e57b680\" data-element_type=\"column\" data-e-type=\"column\">\n\t\t\t<div class=\"elementor-widget-wrap elementor-element-populated\">\n\t\t\t\t\t\t<div class=\"elementor-element elementor-element-2500e54 elementor-widget elementor-widget-heading\" data-id=\"2500e54\" data-element_type=\"widget\" data-e-type=\"widget\" data-widget_type=\"heading.default\">\n\t\t\t\t<div class=\"elementor-widget-container\">\n\t\t\t\t\t<h2 class=\"elementor-heading-title elementor-size-large\">Recunoa\u0219te instrumentul muzical<\/h2>\t\t\t\t<\/div>\n\t\t\t\t<\/div>\n\t\t\t\t<div class=\"elementor-element elementor-element-56c74a8 elementor-widget elementor-widget-image\" data-id=\"56c74a8\" data-element_type=\"widget\" data-e-type=\"widget\" data-widget_type=\"image.default\">\n\t\t\t\t<div class=\"elementor-widget-container\">\n\t\t\t\t\t\t\t\t\t\t\t\t\t\t\t\t<a href=\"https:\/\/view.genial.ly\/61e03152bb7cbf0d63c2b58a\">\n\t\t\t\t\t\t\t<img fetchpriority=\"high\" decoding=\"async\" width=\"1327\" height=\"746\" src=\"https:\/\/secretelemuzicii.com\/wp-content\/uploads\/2022\/01\/instrumente-cl2-1.jpeg\" class=\"attachment-2048x2048 size-2048x2048 wp-image-1753\" alt=\"\" srcset=\"https:\/\/secretelemuzicii.com\/wp-content\/uploads\/2022\/01\/instrumente-cl2-1.jpeg 1327w, https:\/\/secretelemuzicii.com\/wp-content\/uploads\/2022\/01\/instrumente-cl2-1-1080x607.jpeg 1080w, https:\/\/secretelemuzicii.com\/wp-content\/uploads\/2022\/01\/instrumente-cl2-1-600x337.jpeg 600w, https:\/\/secretelemuzicii.com\/wp-content\/uploads\/2022\/01\/instrumente-cl2-1-200x112.jpeg 200w, https:\/\/secretelemuzicii.com\/wp-content\/uploads\/2022\/01\/instrumente-cl2-1-50x28.jpeg 50w, https:\/\/secretelemuzicii.com\/wp-content\/uploads\/2022\/01\/instrumente-cl2-1-768x432.jpeg 768w\" sizes=\"(max-width: 1327px) 100vw, 1327px\" \/>\t\t\t\t\t\t\t\t<\/a>\n\t\t\t\t\t\t\t\t\t\t\t\t\t\t\t<\/div>\n\t\t\t\t<\/div>\n\t\t\t\t\t<\/div>\n\t\t<\/div>\n\t\t\t\t\t<\/div>\n\t\t<\/section>\n\t\t\t\t<section class=\"elementor-section elementor-top-section elementor-element elementor-element-8149e66 elementor-section-boxed elementor-section-height-default elementor-section-height-default\" data-id=\"8149e66\" data-element_type=\"section\" data-e-type=\"section\">\n\t\t\t\t\t\t<div class=\"elementor-container elementor-column-gap-default\">\n\t\t\t\t\t<div class=\"elementor-column elementor-col-100 elementor-top-column elementor-element elementor-element-e4e6f68\" data-id=\"e4e6f68\" data-element_type=\"column\" data-e-type=\"column\">\n\t\t\t<div class=\"elementor-widget-wrap elementor-element-populated\">\n\t\t\t\t\t\t<div class=\"elementor-element elementor-element-fbf053f elementor-widget elementor-widget-spacer\" data-id=\"fbf053f\" data-element_type=\"widget\" data-e-type=\"widget\" data-widget_type=\"spacer.default\">\n\t\t\t\t<div class=\"elementor-widget-container\">\n\t\t\t\t\t\t\t<div class=\"elementor-spacer\">\n\t\t\t<div class=\"elementor-spacer-inner\"><\/div>\n\t\t<\/div>\n\t\t\t\t\t\t<\/div>\n\t\t\t\t<\/div>\n\t\t\t\t\t<\/div>\n\t\t<\/div>\n\t\t\t\t\t<\/div>\n\t\t<\/section>\n\t\t\t\t<section class=\"elementor-section elementor-top-section elementor-element elementor-element-d2e4002 elementor-section-boxed elementor-section-height-default elementor-section-height-default\" data-id=\"d2e4002\" data-element_type=\"section\" data-e-type=\"section\">\n\t\t\t\t\t\t<div class=\"elementor-container elementor-column-gap-default\">\n\t\t\t\t\t<div class=\"elementor-column elementor-col-50 elementor-top-column elementor-element elementor-element-eb5eb90\" data-id=\"eb5eb90\" data-element_type=\"column\" data-e-type=\"column\">\n\t\t\t<div class=\"elementor-widget-wrap elementor-element-populated\">\n\t\t\t\t\t\t<div class=\"elementor-element elementor-element-dd51b38 elementor-widget elementor-widget-heading\" data-id=\"dd51b38\" data-element_type=\"widget\" data-e-type=\"widget\" data-widget_type=\"heading.default\">\n\t\t\t\t<div class=\"elementor-widget-container\">\n\t\t\t\t\t<h2 class=\"elementor-heading-title elementor-size-large\">Muzica \u0219i emo\u021biile <\/h2>\t\t\t\t<\/div>\n\t\t\t\t<\/div>\n\t\t\t\t<div class=\"elementor-element elementor-element-e18617c elementor-widget elementor-widget-image\" data-id=\"e18617c\" data-element_type=\"widget\" data-e-type=\"widget\" data-widget_type=\"image.default\">\n\t\t\t\t<div class=\"elementor-widget-container\">\n\t\t\t\t\t\t\t\t\t\t\t\t\t\t\t\t<a href=\"https:\/\/view.genial.ly\/61dd72d1b8498c0d56650b29\/video-presentation-muzica-si-emotiile-clasa-a-ii-a\">\n\t\t\t\t\t\t\t<img decoding=\"async\" width=\"1325\" height=\"745\" src=\"https:\/\/secretelemuzicii.com\/wp-content\/uploads\/2022\/01\/Muzica-si-emotii.jpeg\" class=\"attachment-signify-slider size-signify-slider wp-image-2103\" alt=\"\" srcset=\"https:\/\/secretelemuzicii.com\/wp-content\/uploads\/2022\/01\/Muzica-si-emotii.jpeg 1325w, https:\/\/secretelemuzicii.com\/wp-content\/uploads\/2022\/01\/Muzica-si-emotii-1080x607.jpeg 1080w, https:\/\/secretelemuzicii.com\/wp-content\/uploads\/2022\/01\/Muzica-si-emotii-600x337.jpeg 600w, https:\/\/secretelemuzicii.com\/wp-content\/uploads\/2022\/01\/Muzica-si-emotii-200x112.jpeg 200w, https:\/\/secretelemuzicii.com\/wp-content\/uploads\/2022\/01\/Muzica-si-emotii-50x28.jpeg 50w, https:\/\/secretelemuzicii.com\/wp-content\/uploads\/2022\/01\/Muzica-si-emotii-768x432.jpeg 768w\" sizes=\"(max-width: 1325px) 100vw, 1325px\" \/>\t\t\t\t\t\t\t\t<\/a>\n\t\t\t\t\t\t\t\t\t\t\t\t\t\t\t<\/div>\n\t\t\t\t<\/div>\n\t\t\t\t\t<\/div>\n\t\t<\/div>\n\t\t\t\t<div class=\"elementor-column elementor-col-50 elementor-top-column elementor-element elementor-element-52f31ed\" data-id=\"52f31ed\" data-element_type=\"column\" data-e-type=\"column\">\n\t\t\t<div class=\"elementor-widget-wrap elementor-element-populated\">\n\t\t\t\t\t\t<div class=\"elementor-element elementor-element-a2614b4 elementor-widget elementor-widget-heading\" data-id=\"a2614b4\" data-element_type=\"widget\" data-e-type=\"widget\" data-widget_type=\"heading.default\">\n\t\t\t\t<div class=\"elementor-widget-container\">\n\t\t\t\t\t<h2 class=\"elementor-heading-title elementor-size-large\">Recunoa\u0219te sunetul!<\/h2>\t\t\t\t<\/div>\n\t\t\t\t<\/div>\n\t\t\t\t<div class=\"elementor-element elementor-element-ed9ed00 elementor-widget elementor-widget-image\" data-id=\"ed9ed00\" data-element_type=\"widget\" data-e-type=\"widget\" data-widget_type=\"image.default\">\n\t\t\t\t<div class=\"elementor-widget-container\">\n\t\t\t\t\t\t\t\t\t\t\t\t\t\t\t\t<a href=\"https:\/\/view.genial.ly\/620bf86d35044c0011645d33\/presentation-recunoaste-sunetul\">\n\t\t\t\t\t\t\t<img decoding=\"async\" width=\"1007\" height=\"566\" src=\"https:\/\/secretelemuzicii.com\/wp-content\/uploads\/2022\/02\/recunoaste-sunetul.jpeg\" class=\"attachment-signify-slider size-signify-slider wp-image-2431\" alt=\"\" srcset=\"https:\/\/secretelemuzicii.com\/wp-content\/uploads\/2022\/02\/recunoaste-sunetul.jpeg 1007w, https:\/\/secretelemuzicii.com\/wp-content\/uploads\/2022\/02\/recunoaste-sunetul-600x337.jpeg 600w, https:\/\/secretelemuzicii.com\/wp-content\/uploads\/2022\/02\/recunoaste-sunetul-200x112.jpeg 200w, https:\/\/secretelemuzicii.com\/wp-content\/uploads\/2022\/02\/recunoaste-sunetul-50x28.jpeg 50w, https:\/\/secretelemuzicii.com\/wp-content\/uploads\/2022\/02\/recunoaste-sunetul-768x432.jpeg 768w\" sizes=\"(max-width: 1007px) 100vw, 1007px\" \/>\t\t\t\t\t\t\t\t<\/a>\n\t\t\t\t\t\t\t\t\t\t\t\t\t\t\t<\/div>\n\t\t\t\t<\/div>\n\t\t\t\t\t<\/div>\n\t\t<\/div>\n\t\t\t\t\t<\/div>\n\t\t<\/section>\n\t\t\t\t<section class=\"elementor-section elementor-top-section elementor-element elementor-element-19e0971 elementor-section-boxed elementor-section-height-default elementor-section-height-default\" data-id=\"19e0971\" data-element_type=\"section\" data-e-type=\"section\">\n\t\t\t\t\t\t<div class=\"elementor-container elementor-column-gap-default\">\n\t\t\t\t\t<div class=\"elementor-column elementor-col-50 elementor-top-column elementor-element elementor-element-5d64b22\" data-id=\"5d64b22\" data-element_type=\"column\" data-e-type=\"column\">\n\t\t\t<div class=\"elementor-widget-wrap elementor-element-populated\">\n\t\t\t\t\t\t<div class=\"elementor-element elementor-element-d77ec33 elementor-widget elementor-widget-heading\" data-id=\"d77ec33\" data-element_type=\"widget\" data-e-type=\"widget\" data-widget_type=\"heading.default\">\n\t\t\t\t<div class=\"elementor-widget-container\">\n\t\t\t\t\t<h2 class=\"elementor-heading-title elementor-size-large\">Exerci\u021biu ritmic<\/h2>\t\t\t\t<\/div>\n\t\t\t\t<\/div>\n\t\t\t\t<div class=\"elementor-element elementor-element-bb24b9b elementor-widget elementor-widget-image\" data-id=\"bb24b9b\" data-element_type=\"widget\" data-e-type=\"widget\" data-widget_type=\"image.default\">\n\t\t\t\t<div class=\"elementor-widget-container\">\n\t\t\t\t\t\t\t\t\t\t\t\t\t\t\t\t<a href=\"https:\/\/view.genial.ly\/622721179a6d47001ac065a3\">\n\t\t\t\t\t\t\t<img loading=\"lazy\" decoding=\"async\" width=\"1040\" height=\"585\" src=\"https:\/\/secretelemuzicii.com\/wp-content\/uploads\/2022\/03\/WhatsApp-Image-2022-03-12-at-18.29.32.jpeg\" class=\"attachment-signify-slider size-signify-slider wp-image-2542\" alt=\"\" srcset=\"https:\/\/secretelemuzicii.com\/wp-content\/uploads\/2022\/03\/WhatsApp-Image-2022-03-12-at-18.29.32.jpeg 1040w, https:\/\/secretelemuzicii.com\/wp-content\/uploads\/2022\/03\/WhatsApp-Image-2022-03-12-at-18.29.32-600x338.jpeg 600w, https:\/\/secretelemuzicii.com\/wp-content\/uploads\/2022\/03\/WhatsApp-Image-2022-03-12-at-18.29.32-200x113.jpeg 200w, https:\/\/secretelemuzicii.com\/wp-content\/uploads\/2022\/03\/WhatsApp-Image-2022-03-12-at-18.29.32-50x28.jpeg 50w, https:\/\/secretelemuzicii.com\/wp-content\/uploads\/2022\/03\/WhatsApp-Image-2022-03-12-at-18.29.32-768x432.jpeg 768w\" sizes=\"(max-width: 1040px) 100vw, 1040px\" \/>\t\t\t\t\t\t\t\t<\/a>\n\t\t\t\t\t\t\t\t\t\t\t\t\t\t\t<\/div>\n\t\t\t\t<\/div>\n\t\t\t\t\t<\/div>\n\t\t<\/div>\n\t\t\t\t<div class=\"elementor-column elementor-col-50 elementor-top-column elementor-element elementor-element-53d31ca\" data-id=\"53d31ca\" data-element_type=\"column\" data-e-type=\"column\">\n\t\t\t<div class=\"elementor-widget-wrap elementor-element-populated\">\n\t\t\t\t\t\t<div class=\"elementor-element elementor-element-2d2bddc elementor-widget elementor-widget-heading\" data-id=\"2d2bddc\" data-element_type=\"widget\" data-e-type=\"widget\" data-widget_type=\"heading.default\">\n\t\t\t\t<div class=\"elementor-widget-container\">\n\t\t\t\t\t<h2 class=\"elementor-heading-title elementor-size-large\">Joc de percu\u021bie corporal\u0103<\/h2>\t\t\t\t<\/div>\n\t\t\t\t<\/div>\n\t\t\t\t<div class=\"elementor-element elementor-element-5c9eb10 elementor-widget elementor-widget-video\" data-id=\"5c9eb10\" data-element_type=\"widget\" data-e-type=\"widget\" data-settings=\"{&quot;youtube_url&quot;:&quot;https:\\\/\\\/youtu.be\\\/lWJJ2RWG-uk&quot;,&quot;video_type&quot;:&quot;youtube&quot;,&quot;controls&quot;:&quot;yes&quot;}\" data-widget_type=\"video.default\">\n\t\t\t\t<div class=\"elementor-widget-container\">\n\t\t\t\t\t\t\t<div class=\"elementor-wrapper elementor-open-inline\">\n\t\t\t<div class=\"elementor-video\"><\/div>\t\t<\/div>\n\t\t\t\t\t\t<\/div>\n\t\t\t\t<\/div>\n\t\t\t\t\t<\/div>\n\t\t<\/div>\n\t\t\t\t\t<\/div>\n\t\t<\/section>\n\t\t\t\t<\/div>","protected":false},"excerpt":{"rendered":"<p>Sunet muzical vs. Zgomot. Calit\u0103\u021bile sunetului muzical Ast\u0103zi construim o Tob\u0103 &#8211; Juc\u0103rii muzicale Recunoa\u0219te instrumentul muzical Muzica \u0219i emo\u021biile<\/p>\n<p><a href=\"https:\/\/secretelemuzicii.com\/ro\/muzica-si-miscare-clasa-a-ii-a\/\" class=\"more-link\">Continue reading<span class=\"screen-reader-text\">Clasa a II-a<\/span><\/a><\/p>","protected":false},"author":1,"featured_media":0,"parent":0,"menu_order":0,"comment_status":"closed","ping_status":"closed","template":"","meta":{"_coblocks_attr":"","_coblocks_dimensions":"","_coblocks_responsive_height":"","_coblocks_accordion_ie_support":"","_mo_disable_npp":"","_ppp_document_settings_meta":"","footnotes":""},"class_list":["post-1063","page","type-page","status-publish","hentry"],"yoast_head":"<!-- This site is optimized with the Yoast SEO plugin v27.4 - https:\/\/yoast.com\/product\/yoast-seo-wordpress\/ -->\n<title>Lec\u021bii Muzica si miscare - Clasa a II-a<\/title>\n<meta name=\"description\" content=\"Lectii de muzica video \u0219i interactive pentru materia Muzica si miscare pentru clasa a II-a, conform programei \u0219colare.\" \/>\n<meta name=\"robots\" content=\"index, follow, max-snippet:-1, max-image-preview:large, max-video-preview:-1\" \/>\n<link rel=\"canonical\" href=\"https:\/\/secretelemuzicii.com\/ro\/clasa-a-ii-a\/\" \/>\n<meta property=\"og:locale\" content=\"ro_RO\" \/>\n<meta property=\"og:type\" content=\"article\" \/>\n<meta property=\"og:title\" content=\"Lec\u021bii de muzic\u0103 pentru materia Muzic\u0103 \u0219i mi\u0219care - Clasa a II-a\" \/>\n<meta property=\"og:description\" content=\"Lec\u021bii de muzic\u0103 video \u0219i interactive pentru materia Muzic\u0103 si miscare pentru clasa a II-a, conform programei \u0219colare.\" \/>\n<meta property=\"og:url\" content=\"https:\/\/secretelemuzicii.com\/ro\/clasa-a-ii-a\/\" \/>\n<meta property=\"og:site_name\" content=\"Secretele Muzicii\" \/>\n<meta property=\"article:publisher\" content=\"https:\/\/www.facebook.com\/klaudyasecretelemuzicii\" \/>\n<meta property=\"article:modified_time\" content=\"2023-08-05T13:33:30+00:00\" \/>\n<meta property=\"og:image\" content=\"https:\/\/secretelemuzicii.com\/wp-content\/uploads\/2022\/01\/instrumente-cl2-1.jpeg\" \/>\n<meta name=\"twitter:card\" content=\"summary_large_image\" \/>\n<meta name=\"twitter:label1\" content=\"Timp estimat pentru citire\" \/>\n\t<meta name=\"twitter:data1\" content=\"1 minut\" \/>\n<script type=\"application\/ld+json\" class=\"yoast-schema-graph\">{\"@context\":\"https:\\\/\\\/schema.org\",\"@graph\":[{\"@type\":\"WebPage\",\"@id\":\"https:\\\/\\\/secretelemuzicii.com\\\/muzica-si-miscare-clasa-a-ii-a\\\/\",\"url\":\"https:\\\/\\\/secretelemuzicii.com\\\/clasa-a-ii-a\\\/\",\"name\":\"Lec\u021bii Muzica si miscare - Clasa a II-a\",\"isPartOf\":{\"@id\":\"https:\\\/\\\/secretelemuzicii.com\\\/#website\"},\"primaryImageOfPage\":{\"@id\":\"https:\\\/\\\/secretelemuzicii.com\\\/clasa-a-ii-a\\\/#primaryimage\"},\"image\":{\"@id\":\"https:\\\/\\\/secretelemuzicii.com\\\/clasa-a-ii-a\\\/#primaryimage\"},\"thumbnailUrl\":\"https:\\\/\\\/secretelemuzicii.com\\\/wp-content\\\/uploads\\\/2022\\\/01\\\/instrumente-cl2-1.jpeg\",\"datePublished\":\"2022-01-10T13:52:12+00:00\",\"dateModified\":\"2023-08-05T13:33:30+00:00\",\"description\":\"Lectii de muzica video \u0219i interactive pentru materia Muzica si miscare pentru clasa a II-a, conform programei \u0219colare.\",\"breadcrumb\":{\"@id\":\"https:\\\/\\\/secretelemuzicii.com\\\/clasa-a-ii-a\\\/#breadcrumb\"},\"inLanguage\":\"ro-RO\",\"potentialAction\":[{\"@type\":\"ReadAction\",\"target\":[\"https:\\\/\\\/secretelemuzicii.com\\\/clasa-a-ii-a\\\/\"]}]},{\"@type\":\"ImageObject\",\"inLanguage\":\"ro-RO\",\"@id\":\"https:\\\/\\\/secretelemuzicii.com\\\/clasa-a-ii-a\\\/#primaryimage\",\"url\":\"https:\\\/\\\/secretelemuzicii.com\\\/wp-content\\\/uploads\\\/2022\\\/01\\\/instrumente-cl2-1.jpeg\",\"contentUrl\":\"https:\\\/\\\/secretelemuzicii.com\\\/wp-content\\\/uploads\\\/2022\\\/01\\\/instrumente-cl2-1.jpeg\"},{\"@type\":\"BreadcrumbList\",\"@id\":\"https:\\\/\\\/secretelemuzicii.com\\\/clasa-a-ii-a\\\/#breadcrumb\",\"itemListElement\":[{\"@type\":\"ListItem\",\"position\":1,\"name\":\"Home\",\"item\":\"https:\\\/\\\/secretelemuzicii.com\\\/\"},{\"@type\":\"ListItem\",\"position\":2,\"name\":\"Clasa a II-a\"}]},{\"@type\":\"WebSite\",\"@id\":\"https:\\\/\\\/secretelemuzicii.com\\\/#website\",\"url\":\"https:\\\/\\\/secretelemuzicii.com\\\/\",\"name\":\"Secretele Muzicii\",\"description\":\"\u00cenva\u021b\u0103 muzic\u0103 simplu, creativ \u0219i distractiv!\",\"publisher\":{\"@id\":\"https:\\\/\\\/secretelemuzicii.com\\\/#organization\"},\"potentialAction\":[{\"@type\":\"SearchAction\",\"target\":{\"@type\":\"EntryPoint\",\"urlTemplate\":\"https:\\\/\\\/secretelemuzicii.com\\\/?s={search_term_string}\"},\"query-input\":{\"@type\":\"PropertyValueSpecification\",\"valueRequired\":true,\"valueName\":\"search_term_string\"}}],\"inLanguage\":\"ro-RO\"},{\"@type\":\"Organization\",\"@id\":\"https:\\\/\\\/secretelemuzicii.com\\\/#organization\",\"name\":\"Secretele Muzicii\",\"url\":\"https:\\\/\\\/secretelemuzicii.com\\\/\",\"logo\":{\"@type\":\"ImageObject\",\"inLanguage\":\"ro-RO\",\"@id\":\"https:\\\/\\\/secretelemuzicii.com\\\/#\\\/schema\\\/logo\\\/image\\\/\",\"url\":\"https:\\\/\\\/secretelemuzicii.com\\\/wp-content\\\/uploads\\\/2022\\\/01\\\/cropped-Logo-Chitara-Cheia-sol-Alb.png\",\"contentUrl\":\"https:\\\/\\\/secretelemuzicii.com\\\/wp-content\\\/uploads\\\/2022\\\/01\\\/cropped-Logo-Chitara-Cheia-sol-Alb.png\",\"width\":2481,\"height\":2480,\"caption\":\"Secretele Muzicii\"},\"image\":{\"@id\":\"https:\\\/\\\/secretelemuzicii.com\\\/#\\\/schema\\\/logo\\\/image\\\/\"},\"sameAs\":[\"https:\\\/\\\/www.facebook.com\\\/klaudyasecretelemuzicii\",\"https:\\\/\\\/ro.linkedin.com\\\/in\\\/claudia-mazilu-8b1225177\",\"https:\\\/\\\/www.youtube.com\\\/@secretelemuzicii\\\/featured\"]}]}<\/script>\n<!-- \/ Yoast SEO plugin. -->","yoast_head_json":{"title":"Lec\u021bii Muzica si miscare - Clasa a II-a","description":"Lectii de muzica video \u0219i interactive pentru materia Muzica si miscare pentru clasa a II-a, conform programei \u0219colare.","robots":{"index":"index","follow":"follow","max-snippet":"max-snippet:-1","max-image-preview":"max-image-preview:large","max-video-preview":"max-video-preview:-1"},"canonical":"https:\/\/secretelemuzicii.com\/ro\/clasa-a-ii-a\/","og_locale":"ro_RO","og_type":"article","og_title":"Lec\u021bii de muzic\u0103 pentru materia Muzic\u0103 \u0219i mi\u0219care - Clasa a II-a","og_description":"Lec\u021bii de muzic\u0103 video \u0219i interactive pentru materia Muzic\u0103 si miscare pentru clasa a II-a, conform programei \u0219colare.","og_url":"https:\/\/secretelemuzicii.com\/ro\/clasa-a-ii-a\/","og_site_name":"Secretele Muzicii","article_publisher":"https:\/\/www.facebook.com\/klaudyasecretelemuzicii","article_modified_time":"2023-08-05T13:33:30+00:00","og_image":[{"url":"https:\/\/secretelemuzicii.com\/wp-content\/uploads\/2022\/01\/instrumente-cl2-1.jpeg","type":"","width":"","height":""}],"twitter_card":"summary_large_image","twitter_misc":{"Timp estimat pentru citire":"1 minut"},"schema":{"@context":"https:\/\/schema.org","@graph":[{"@type":"WebPage","@id":"https:\/\/secretelemuzicii.com\/muzica-si-miscare-clasa-a-ii-a\/","url":"https:\/\/secretelemuzicii.com\/clasa-a-ii-a\/","name":"Lec\u021bii Muzica si miscare - Clasa a II-a","isPartOf":{"@id":"https:\/\/secretelemuzicii.com\/#website"},"primaryImageOfPage":{"@id":"https:\/\/secretelemuzicii.com\/clasa-a-ii-a\/#primaryimage"},"image":{"@id":"https:\/\/secretelemuzicii.com\/clasa-a-ii-a\/#primaryimage"},"thumbnailUrl":"https:\/\/secretelemuzicii.com\/wp-content\/uploads\/2022\/01\/instrumente-cl2-1.jpeg","datePublished":"2022-01-10T13:52:12+00:00","dateModified":"2023-08-05T13:33:30+00:00","description":"Lectii de muzica video \u0219i interactive pentru materia Muzica si miscare pentru clasa a II-a, conform programei \u0219colare.","breadcrumb":{"@id":"https:\/\/secretelemuzicii.com\/clasa-a-ii-a\/#breadcrumb"},"inLanguage":"ro-RO","potentialAction":[{"@type":"ReadAction","target":["https:\/\/secretelemuzicii.com\/clasa-a-ii-a\/"]}]},{"@type":"ImageObject","inLanguage":"ro-RO","@id":"https:\/\/secretelemuzicii.com\/clasa-a-ii-a\/#primaryimage","url":"https:\/\/secretelemuzicii.com\/wp-content\/uploads\/2022\/01\/instrumente-cl2-1.jpeg","contentUrl":"https:\/\/secretelemuzicii.com\/wp-content\/uploads\/2022\/01\/instrumente-cl2-1.jpeg"},{"@type":"BreadcrumbList","@id":"https:\/\/secretelemuzicii.com\/clasa-a-ii-a\/#breadcrumb","itemListElement":[{"@type":"ListItem","position":1,"name":"Home","item":"https:\/\/secretelemuzicii.com\/"},{"@type":"ListItem","position":2,"name":"Clasa a II-a"}]},{"@type":"WebSite","@id":"https:\/\/secretelemuzicii.com\/#website","url":"https:\/\/secretelemuzicii.com\/","name":"Secretele Muzicii","description":"\u00cenva\u021b\u0103 muzic\u0103 simplu, creativ \u0219i distractiv!","publisher":{"@id":"https:\/\/secretelemuzicii.com\/#organization"},"potentialAction":[{"@type":"SearchAction","target":{"@type":"EntryPoint","urlTemplate":"https:\/\/secretelemuzicii.com\/?s={search_term_string}"},"query-input":{"@type":"PropertyValueSpecification","valueRequired":true,"valueName":"search_term_string"}}],"inLanguage":"ro-RO"},{"@type":"Organization","@id":"https:\/\/secretelemuzicii.com\/#organization","name":"Secretele Muzicii","url":"https:\/\/secretelemuzicii.com\/","logo":{"@type":"ImageObject","inLanguage":"ro-RO","@id":"https:\/\/secretelemuzicii.com\/#\/schema\/logo\/image\/","url":"https:\/\/secretelemuzicii.com\/wp-content\/uploads\/2022\/01\/cropped-Logo-Chitara-Cheia-sol-Alb.png","contentUrl":"https:\/\/secretelemuzicii.com\/wp-content\/uploads\/2022\/01\/cropped-Logo-Chitara-Cheia-sol-Alb.png","width":2481,"height":2480,"caption":"Secretele Muzicii"},"image":{"@id":"https:\/\/secretelemuzicii.com\/#\/schema\/logo\/image\/"},"sameAs":["https:\/\/www.facebook.com\/klaudyasecretelemuzicii","https:\/\/ro.linkedin.com\/in\/claudia-mazilu-8b1225177","https:\/\/www.youtube.com\/@secretelemuzicii\/featured"]}]}},"_links":{"self":[{"href":"https:\/\/secretelemuzicii.com\/ro\/wp-json\/wp\/v2\/pages\/1063","targetHints":{"allow":["GET"]}}],"collection":[{"href":"https:\/\/secretelemuzicii.com\/ro\/wp-json\/wp\/v2\/pages"}],"about":[{"href":"https:\/\/secretelemuzicii.com\/ro\/wp-json\/wp\/v2\/types\/page"}],"author":[{"embeddable":true,"href":"https:\/\/secretelemuzicii.com\/ro\/wp-json\/wp\/v2\/users\/1"}],"replies":[{"embeddable":true,"href":"https:\/\/secretelemuzicii.com\/ro\/wp-json\/wp\/v2\/comments?post=1063"}],"version-history":[{"count":64,"href":"https:\/\/secretelemuzicii.com\/ro\/wp-json\/wp\/v2\/pages\/1063\/revisions"}],"predecessor-version":[{"id":3584,"href":"https:\/\/secretelemuzicii.com\/ro\/wp-json\/wp\/v2\/pages\/1063\/revisions\/3584"}],"wp:attachment":[{"href":"https:\/\/secretelemuzicii.com\/ro\/wp-json\/wp\/v2\/media?parent=1063"}],"curies":[{"name":"wp","href":"https:\/\/api.w.org\/{rel}","templated":true}]}}