{"id":1065,"date":"2022-01-10T13:52:29","date_gmt":"2022-01-10T13:52:29","guid":{"rendered":"https:\/\/secretelemuzicii.com\/?page_id=1065"},"modified":"2023-08-28T12:17:54","modified_gmt":"2023-08-28T12:17:54","slug":"clasa-a-iii-a","status":"publish","type":"page","link":"https:\/\/secretelemuzicii.com\/ro\/clasa-a-iii-a\/","title":{"rendered":"Clasa a III-a"},"content":{"rendered":"<div class=\"wp-block-columns is-layout-flex wp-container-core-columns-is-layout-9d6595d7 wp-block-columns-is-layout-flex\">\n<div class=\"wp-block-column is-layout-flow wp-block-column-is-layout-flow\">\n<h2 class=\"wp-block-heading has-text-align-center\" id=\"notele-muzicale-intre-teorie-\u0219i-practica\" style=\"font-size:30px\">Notele muzicale \u00eentre teorie \u0219i practic\u0103<\/h2>\n\n\n\n<figure class=\"wp-block-embed is-type-video is-provider-youtube wp-block-embed-youtube wp-embed-aspect-16-9 wp-has-aspect-ratio\"><div class=\"wp-block-embed__wrapper\">\n<iframe title=\"Notele muzicale \u0219i Clapele pianului - Educa\u021bie muzical\u0103 - Musical Notes \/ Piano Keys\" width=\"880\" height=\"495\" src=\"https:\/\/www.youtube.com\/embed\/MLwPMok1NAs?feature=oembed\" frameborder=\"0\" allow=\"accelerometer; autoplay; clipboard-write; encrypted-media; gyroscope; picture-in-picture; web-share\" allowfullscreen><\/iframe>\n<\/div><\/figure>\n<\/div>\n<\/div>\n\n\n\n<div class=\"wp-block-columns is-layout-flex wp-container-core-columns-is-layout-9d6595d7 wp-block-columns-is-layout-flex\">\n<div class=\"wp-block-column is-layout-flow wp-block-column-is-layout-flow\">\n<h2 class=\"wp-block-heading has-text-align-center\" id=\"portativul-\u0219i-cheia-sol\" style=\"font-size:30px\">Portativul \u0219i Cheia Sol<\/h2>\n\n\n\n<figure class=\"wp-block-embed is-type-video is-provider-youtube wp-block-embed-youtube wp-embed-aspect-16-9 wp-has-aspect-ratio\"><div class=\"wp-block-embed__wrapper\">\n<iframe title=\"Portativul Muzical &amp; Cheia Sol - pe \u00een\u021belesul copiilor - Musical Staff \/ Lines&amp;Treble clef\" width=\"880\" height=\"495\" src=\"https:\/\/www.youtube.com\/embed\/RpldKEMLlbk?feature=oembed\" frameborder=\"0\" allow=\"accelerometer; autoplay; clipboard-write; encrypted-media; gyroscope; picture-in-picture; web-share\" allowfullscreen><\/iframe>\n<\/div><\/figure>\n<\/div>\n\n\n\n<div class=\"wp-block-column is-layout-flow wp-block-column-is-layout-flow\">\n<h2 class=\"wp-block-heading has-text-align-center\" id=\"sunetele-mediului-inconjurator\" style=\"font-size:29px\">Sunetele mediului \u00eenconjur\u0103tor<\/h2>\n\n\n\n<figure class=\"wp-block-embed is-type-video is-provider-youtube wp-block-embed-youtube wp-embed-aspect-16-9 wp-has-aspect-ratio\"><div class=\"wp-block-embed__wrapper\">\n<iframe title=\"SUNETUL mediului \u00eenconjur\u0103tor - Muzic\u0103 \u0219i mi\u0219care \/ Educa\u021bie muzical\u0103\" width=\"880\" height=\"495\" src=\"https:\/\/www.youtube.com\/embed\/x_oVbkzXJts?feature=oembed\" frameborder=\"0\" allow=\"accelerometer; autoplay; clipboard-write; encrypted-media; gyroscope; picture-in-picture; web-share\" allowfullscreen><\/iframe>\n<\/div><\/figure>\n<\/div>\n<\/div>\n\n\n\n<div class=\"wp-block-columns is-layout-flex wp-container-core-columns-is-layout-9d6595d7 wp-block-columns-is-layout-flex\">\n<div class=\"wp-block-column is-layout-flow wp-block-column-is-layout-flow\">\n<h2 class=\"wp-block-heading has-text-align-center\" id=\"joc-ritmic-bucataria-muzicala\" style=\"font-size:29px\"><strong>&nbsp;Joc ritmic \u201cBuc\u0103t\u0103ria muzical\u0103\u201d<\/strong><\/h2>\n\n\n\n<figure class=\"wp-block-embed is-type-video is-provider-youtube wp-block-embed-youtube wp-embed-aspect-16-9 wp-has-aspect-ratio\"><div class=\"wp-block-embed__wrapper\">\n<iframe title=\"Joc ritmic &quot;Buc\u0103t\u0103ria muzical\u0103 3&quot; - Muzic\u0103 \u0219i mi\u0219care - Educa\u021bie Muzical\u0103 - Rhythm Teaching Song\" width=\"880\" height=\"495\" src=\"https:\/\/www.youtube.com\/embed\/26iXT9fw5xQ?feature=oembed\" frameborder=\"0\" allow=\"accelerometer; autoplay; clipboard-write; encrypted-media; gyroscope; picture-in-picture; web-share\" allowfullscreen><\/iframe>\n<\/div><\/figure>\n<\/div>\n\n\n\n<div class=\"wp-block-column is-layout-flow wp-block-column-is-layout-flow\">\n<h2 class=\"wp-block-heading has-text-align-center\" id=\"notele-muzicale-in-culori\" style=\"font-size:30px\">Notele muzicale \u00een culori <\/h2>\n\n\n\n<h2 class=\"wp-block-heading\"><\/h2>\n\n\n\n<figure class=\"wp-block-embed is-type-video is-provider-youtube wp-block-embed-youtube wp-embed-aspect-16-9 wp-has-aspect-ratio\"><div class=\"wp-block-embed__wrapper\">\n<iframe title=\"Ce culoare au notele muzicale? Curcubeul muzical - Educa\u021bie muzical\u0103 \/ Muzic\u0103 \u0219i mi\u0219care\" width=\"880\" height=\"495\" src=\"https:\/\/www.youtube.com\/embed\/T1rOqkhQl7E?feature=oembed\" frameborder=\"0\" allow=\"accelerometer; autoplay; clipboard-write; encrypted-media; gyroscope; picture-in-picture; web-share\" allowfullscreen><\/iframe>\n<\/div><\/figure>\n<\/div>\n<\/div>\n\n\n\n<div class=\"wp-block-columns is-layout-flex wp-container-core-columns-is-layout-9d6595d7 wp-block-columns-is-layout-flex\">\n<div class=\"wp-block-column is-layout-flow wp-block-column-is-layout-flow\">\n<h2 class=\"wp-block-heading has-text-align-center\" id=\"universul-pianului-lec\u021bie-livresq\" style=\"font-size:30px\">Universul pianului <br>Lec\u021bie Livresq<\/h2>\n\n\n\n<figure class=\"wp-block-image size-full\"><a href=\"https:\/\/library.livresq.com\/details\/619a548b0ab44c00086d384f\"><img fetchpriority=\"high\" decoding=\"async\" width=\"1252\" height=\"704\" src=\"https:\/\/secretelemuzicii.com\/wp-content\/uploads\/2022\/01\/univ-pianului-2.jpeg\" alt=\"\" class=\"wp-image-2166\" srcset=\"https:\/\/secretelemuzicii.com\/wp-content\/uploads\/2022\/01\/univ-pianului-2.jpeg 1252w, https:\/\/secretelemuzicii.com\/wp-content\/uploads\/2022\/01\/univ-pianului-2-1080x607.jpeg 1080w, https:\/\/secretelemuzicii.com\/wp-content\/uploads\/2022\/01\/univ-pianului-2-600x337.jpeg 600w, https:\/\/secretelemuzicii.com\/wp-content\/uploads\/2022\/01\/univ-pianului-2-200x112.jpeg 200w, https:\/\/secretelemuzicii.com\/wp-content\/uploads\/2022\/01\/univ-pianului-2-50x28.jpeg 50w, https:\/\/secretelemuzicii.com\/wp-content\/uploads\/2022\/01\/univ-pianului-2-768x432.jpeg 768w\" sizes=\"(max-width: 1252px) 100vw, 1252px\" \/><\/a><\/figure>\n<\/div>\n\n\n\n<div class=\"wp-block-column is-layout-flow wp-block-column-is-layout-flow\">\n<h2 class=\"wp-block-heading has-text-align-center\" id=\"notele-muzicale-intre-teorie-\u0219i-practica\" style=\"font-size:30px\">Notele muzicale \u00eentre teorie \u0219i practic\u0103<\/h2>\n\n\n\n<figure class=\"wp-block-image size-full\"><a href=\"https:\/\/forms.gle\/J9YaUxKN8wWYLeoVA \"><img decoding=\"async\" width=\"1215\" height=\"684\" src=\"https:\/\/secretelemuzicii.com\/wp-content\/uploads\/2022\/01\/Notele-intre-teorie-si-practica-interactiv.jpeg\" alt=\"\" class=\"wp-image-2163\" srcset=\"https:\/\/secretelemuzicii.com\/wp-content\/uploads\/2022\/01\/Notele-intre-teorie-si-practica-interactiv.jpeg 1215w, https:\/\/secretelemuzicii.com\/wp-content\/uploads\/2022\/01\/Notele-intre-teorie-si-practica-interactiv-1080x608.jpeg 1080w, https:\/\/secretelemuzicii.com\/wp-content\/uploads\/2022\/01\/Notele-intre-teorie-si-practica-interactiv-600x338.jpeg 600w, https:\/\/secretelemuzicii.com\/wp-content\/uploads\/2022\/01\/Notele-intre-teorie-si-practica-interactiv-200x113.jpeg 200w, https:\/\/secretelemuzicii.com\/wp-content\/uploads\/2022\/01\/Notele-intre-teorie-si-practica-interactiv-50x28.jpeg 50w, https:\/\/secretelemuzicii.com\/wp-content\/uploads\/2022\/01\/Notele-intre-teorie-si-practica-interactiv-768x432.jpeg 768w\" sizes=\"(max-width: 1215px) 100vw, 1215px\" \/><\/a><\/figure>\n<\/div>\n<\/div>\n\n\n\n<div class=\"wp-block-columns is-layout-flex wp-container-core-columns-is-layout-9d6595d7 wp-block-columns-is-layout-flex\">\n<div class=\"wp-block-column is-layout-flow wp-block-column-is-layout-flow\">\n<h2 class=\"wp-block-heading has-text-align-center\" id=\"clapele-pianului-sway\" style=\"font-size:30px\">Clapele pianului &#8211; Sway<\/h2>\n\n\n\n<figure class=\"wp-block-image size-full is-resized\"><a href=\"https:\/\/sway.office.com\/wrEUxtWYwRve1Jg0?ref=Link&amp;loc=play\"><img decoding=\"async\" src=\"https:\/\/secretelemuzicii.com\/wp-content\/uploads\/2022\/01\/Clapele-pia-cons-1.jpeg\" alt=\"\" class=\"wp-image-2169\" style=\"width:421px;height:253px\" width=\"421\" height=\"253\"\/><\/a><\/figure>\n<\/div>\n\n\n\n<div class=\"wp-block-column is-layout-flow wp-block-column-is-layout-flow\">\n<h2 class=\"wp-block-heading has-text-align-center\" style=\"font-size:30px\">Exerci\u021biu ritmic<\/h2>\n\n\n\n<figure class=\"wp-block-image size-full is-resized\"><a href=\"https:\/\/view.genial.ly\/622c6a1797baa9001a21457b\"><img decoding=\"async\" src=\"https:\/\/secretelemuzicii.com\/wp-content\/uploads\/2022\/03\/crop2-2.jpeg\" alt=\"\" class=\"wp-image-2549\" style=\"height:262px\" height=\"262\"\/><\/a><\/figure>\n<\/div>\n<\/div>\n\n\n\n<p><\/p>","protected":false},"excerpt":{"rendered":"<p>Notele muzicale \u00eentre teorie \u0219i practic\u0103 Portativul \u0219i Cheia Sol Sunetele mediului \u00eenconjur\u0103tor &nbsp;Joc ritmic \u201cBuc\u0103t\u0103ria muzical\u0103\u201d Notele muzicale \u00een<\/p>\n<p><a href=\"https:\/\/secretelemuzicii.com\/ro\/clasa-a-iii-a\/\" class=\"more-link\">Continue reading<span class=\"screen-reader-text\">Clasa a III-a<\/span><\/a><\/p>","protected":false},"author":1,"featured_media":0,"parent":0,"menu_order":0,"comment_status":"closed","ping_status":"closed","template":"","meta":{"_coblocks_attr":"","_coblocks_dimensions":"","_coblocks_responsive_height":"","_coblocks_accordion_ie_support":"","_mo_disable_npp":"","_ppp_document_settings_meta":"","footnotes":""},"class_list":["post-1065","page","type-page","status-publish","hentry"],"yoast_head":"<!-- This site is optimized with the Yoast SEO plugin v27.4 - https:\/\/yoast.com\/product\/yoast-seo-wordpress\/ -->\n<title>Clasa a III-a - Secretele Muzicii<\/title>\n<meta name=\"robots\" content=\"index, follow, max-snippet:-1, max-image-preview:large, max-video-preview:-1\" \/>\n<link rel=\"canonical\" href=\"https:\/\/secretelemuzicii.com\/ro\/clasa-a-iii-a\/\" \/>\n<meta property=\"og:locale\" content=\"ro_RO\" \/>\n<meta property=\"og:type\" content=\"article\" \/>\n<meta property=\"og:title\" content=\"Clasa a III-a - Secretele Muzicii\" \/>\n<meta property=\"og:description\" content=\"Notele muzicale \u00eentre teorie \u0219i practic\u0103 Portativul \u0219i Cheia Sol Sunetele mediului \u00eenconjur\u0103tor &nbsp;Joc ritmic \u201cBuc\u0103t\u0103ria muzical\u0103\u201d Notele muzicale \u00eenContinue readingClasa a III-a\" \/>\n<meta property=\"og:url\" content=\"https:\/\/secretelemuzicii.com\/ro\/clasa-a-iii-a\/\" \/>\n<meta property=\"og:site_name\" content=\"Secretele Muzicii\" \/>\n<meta property=\"article:publisher\" content=\"https:\/\/www.facebook.com\/klaudyasecretelemuzicii\" \/>\n<meta property=\"article:modified_time\" content=\"2023-08-28T12:17:54+00:00\" \/>\n<meta property=\"og:image\" content=\"https:\/\/secretelemuzicii.com\/wp-content\/uploads\/2022\/01\/univ-pianului-2.jpeg\" \/>\n<meta name=\"twitter:card\" content=\"summary_large_image\" \/>\n<meta name=\"twitter:label1\" content=\"Timp estimat pentru citire\" \/>\n\t<meta name=\"twitter:data1\" content=\"1 minut\" \/>\n<script type=\"application\/ld+json\" class=\"yoast-schema-graph\">{\"@context\":\"https:\\\/\\\/schema.org\",\"@graph\":[{\"@type\":\"WebPage\",\"@id\":\"https:\\\/\\\/secretelemuzicii.com\\\/clasa-a-iii-a\\\/\",\"url\":\"https:\\\/\\\/secretelemuzicii.com\\\/clasa-a-iii-a\\\/\",\"name\":\"Clasa a III-a - Secretele Muzicii\",\"isPartOf\":{\"@id\":\"https:\\\/\\\/secretelemuzicii.com\\\/#website\"},\"primaryImageOfPage\":{\"@id\":\"https:\\\/\\\/secretelemuzicii.com\\\/clasa-a-iii-a\\\/#primaryimage\"},\"image\":{\"@id\":\"https:\\\/\\\/secretelemuzicii.com\\\/clasa-a-iii-a\\\/#primaryimage\"},\"thumbnailUrl\":\"https:\\\/\\\/secretelemuzicii.com\\\/wp-content\\\/uploads\\\/2022\\\/01\\\/univ-pianului-2.jpeg\",\"datePublished\":\"2022-01-10T13:52:29+00:00\",\"dateModified\":\"2023-08-28T12:17:54+00:00\",\"breadcrumb\":{\"@id\":\"https:\\\/\\\/secretelemuzicii.com\\\/clasa-a-iii-a\\\/#breadcrumb\"},\"inLanguage\":\"ro-RO\",\"potentialAction\":[{\"@type\":\"ReadAction\",\"target\":[\"https:\\\/\\\/secretelemuzicii.com\\\/clasa-a-iii-a\\\/\"]}]},{\"@type\":\"ImageObject\",\"inLanguage\":\"ro-RO\",\"@id\":\"https:\\\/\\\/secretelemuzicii.com\\\/clasa-a-iii-a\\\/#primaryimage\",\"url\":\"https:\\\/\\\/secretelemuzicii.com\\\/wp-content\\\/uploads\\\/2022\\\/01\\\/univ-pianului-2.jpeg\",\"contentUrl\":\"https:\\\/\\\/secretelemuzicii.com\\\/wp-content\\\/uploads\\\/2022\\\/01\\\/univ-pianului-2.jpeg\"},{\"@type\":\"BreadcrumbList\",\"@id\":\"https:\\\/\\\/secretelemuzicii.com\\\/clasa-a-iii-a\\\/#breadcrumb\",\"itemListElement\":[{\"@type\":\"ListItem\",\"position\":1,\"name\":\"Home\",\"item\":\"https:\\\/\\\/secretelemuzicii.com\\\/\"},{\"@type\":\"ListItem\",\"position\":2,\"name\":\"Clasa a III-a\"}]},{\"@type\":\"WebSite\",\"@id\":\"https:\\\/\\\/secretelemuzicii.com\\\/#website\",\"url\":\"https:\\\/\\\/secretelemuzicii.com\\\/\",\"name\":\"Secretele Muzicii\",\"description\":\"\u00cenva\u021b\u0103 muzic\u0103 simplu, creativ \u0219i distractiv!\",\"publisher\":{\"@id\":\"https:\\\/\\\/secretelemuzicii.com\\\/#organization\"},\"potentialAction\":[{\"@type\":\"SearchAction\",\"target\":{\"@type\":\"EntryPoint\",\"urlTemplate\":\"https:\\\/\\\/secretelemuzicii.com\\\/?s={search_term_string}\"},\"query-input\":{\"@type\":\"PropertyValueSpecification\",\"valueRequired\":true,\"valueName\":\"search_term_string\"}}],\"inLanguage\":\"ro-RO\"},{\"@type\":\"Organization\",\"@id\":\"https:\\\/\\\/secretelemuzicii.com\\\/#organization\",\"name\":\"Secretele Muzicii\",\"url\":\"https:\\\/\\\/secretelemuzicii.com\\\/\",\"logo\":{\"@type\":\"ImageObject\",\"inLanguage\":\"ro-RO\",\"@id\":\"https:\\\/\\\/secretelemuzicii.com\\\/#\\\/schema\\\/logo\\\/image\\\/\",\"url\":\"https:\\\/\\\/secretelemuzicii.com\\\/wp-content\\\/uploads\\\/2022\\\/01\\\/cropped-Logo-Chitara-Cheia-sol-Alb.png\",\"contentUrl\":\"https:\\\/\\\/secretelemuzicii.com\\\/wp-content\\\/uploads\\\/2022\\\/01\\\/cropped-Logo-Chitara-Cheia-sol-Alb.png\",\"width\":2481,\"height\":2480,\"caption\":\"Secretele Muzicii\"},\"image\":{\"@id\":\"https:\\\/\\\/secretelemuzicii.com\\\/#\\\/schema\\\/logo\\\/image\\\/\"},\"sameAs\":[\"https:\\\/\\\/www.facebook.com\\\/klaudyasecretelemuzicii\",\"https:\\\/\\\/ro.linkedin.com\\\/in\\\/claudia-mazilu-8b1225177\",\"https:\\\/\\\/www.youtube.com\\\/@secretelemuzicii\\\/featured\"]}]}<\/script>\n<!-- \/ Yoast SEO plugin. -->","yoast_head_json":{"title":"Clasa a III-a - Secretele Muzicii","robots":{"index":"index","follow":"follow","max-snippet":"max-snippet:-1","max-image-preview":"max-image-preview:large","max-video-preview":"max-video-preview:-1"},"canonical":"https:\/\/secretelemuzicii.com\/ro\/clasa-a-iii-a\/","og_locale":"ro_RO","og_type":"article","og_title":"Clasa a III-a - Secretele Muzicii","og_description":"Notele muzicale \u00eentre teorie \u0219i practic\u0103 Portativul \u0219i Cheia Sol Sunetele mediului \u00eenconjur\u0103tor &nbsp;Joc ritmic \u201cBuc\u0103t\u0103ria muzical\u0103\u201d Notele muzicale \u00eenContinue readingClasa a III-a","og_url":"https:\/\/secretelemuzicii.com\/ro\/clasa-a-iii-a\/","og_site_name":"Secretele Muzicii","article_publisher":"https:\/\/www.facebook.com\/klaudyasecretelemuzicii","article_modified_time":"2023-08-28T12:17:54+00:00","og_image":[{"url":"https:\/\/secretelemuzicii.com\/wp-content\/uploads\/2022\/01\/univ-pianului-2.jpeg","type":"","width":"","height":""}],"twitter_card":"summary_large_image","twitter_misc":{"Timp estimat pentru citire":"1 minut"},"schema":{"@context":"https:\/\/schema.org","@graph":[{"@type":"WebPage","@id":"https:\/\/secretelemuzicii.com\/clasa-a-iii-a\/","url":"https:\/\/secretelemuzicii.com\/clasa-a-iii-a\/","name":"Clasa a III-a - Secretele Muzicii","isPartOf":{"@id":"https:\/\/secretelemuzicii.com\/#website"},"primaryImageOfPage":{"@id":"https:\/\/secretelemuzicii.com\/clasa-a-iii-a\/#primaryimage"},"image":{"@id":"https:\/\/secretelemuzicii.com\/clasa-a-iii-a\/#primaryimage"},"thumbnailUrl":"https:\/\/secretelemuzicii.com\/wp-content\/uploads\/2022\/01\/univ-pianului-2.jpeg","datePublished":"2022-01-10T13:52:29+00:00","dateModified":"2023-08-28T12:17:54+00:00","breadcrumb":{"@id":"https:\/\/secretelemuzicii.com\/clasa-a-iii-a\/#breadcrumb"},"inLanguage":"ro-RO","potentialAction":[{"@type":"ReadAction","target":["https:\/\/secretelemuzicii.com\/clasa-a-iii-a\/"]}]},{"@type":"ImageObject","inLanguage":"ro-RO","@id":"https:\/\/secretelemuzicii.com\/clasa-a-iii-a\/#primaryimage","url":"https:\/\/secretelemuzicii.com\/wp-content\/uploads\/2022\/01\/univ-pianului-2.jpeg","contentUrl":"https:\/\/secretelemuzicii.com\/wp-content\/uploads\/2022\/01\/univ-pianului-2.jpeg"},{"@type":"BreadcrumbList","@id":"https:\/\/secretelemuzicii.com\/clasa-a-iii-a\/#breadcrumb","itemListElement":[{"@type":"ListItem","position":1,"name":"Home","item":"https:\/\/secretelemuzicii.com\/"},{"@type":"ListItem","position":2,"name":"Clasa a III-a"}]},{"@type":"WebSite","@id":"https:\/\/secretelemuzicii.com\/#website","url":"https:\/\/secretelemuzicii.com\/","name":"Secretele Muzicii","description":"\u00cenva\u021b\u0103 muzic\u0103 simplu, creativ \u0219i distractiv!","publisher":{"@id":"https:\/\/secretelemuzicii.com\/#organization"},"potentialAction":[{"@type":"SearchAction","target":{"@type":"EntryPoint","urlTemplate":"https:\/\/secretelemuzicii.com\/?s={search_term_string}"},"query-input":{"@type":"PropertyValueSpecification","valueRequired":true,"valueName":"search_term_string"}}],"inLanguage":"ro-RO"},{"@type":"Organization","@id":"https:\/\/secretelemuzicii.com\/#organization","name":"Secretele Muzicii","url":"https:\/\/secretelemuzicii.com\/","logo":{"@type":"ImageObject","inLanguage":"ro-RO","@id":"https:\/\/secretelemuzicii.com\/#\/schema\/logo\/image\/","url":"https:\/\/secretelemuzicii.com\/wp-content\/uploads\/2022\/01\/cropped-Logo-Chitara-Cheia-sol-Alb.png","contentUrl":"https:\/\/secretelemuzicii.com\/wp-content\/uploads\/2022\/01\/cropped-Logo-Chitara-Cheia-sol-Alb.png","width":2481,"height":2480,"caption":"Secretele Muzicii"},"image":{"@id":"https:\/\/secretelemuzicii.com\/#\/schema\/logo\/image\/"},"sameAs":["https:\/\/www.facebook.com\/klaudyasecretelemuzicii","https:\/\/ro.linkedin.com\/in\/claudia-mazilu-8b1225177","https:\/\/www.youtube.com\/@secretelemuzicii\/featured"]}]}},"_links":{"self":[{"href":"https:\/\/secretelemuzicii.com\/ro\/wp-json\/wp\/v2\/pages\/1065","targetHints":{"allow":["GET"]}}],"collection":[{"href":"https:\/\/secretelemuzicii.com\/ro\/wp-json\/wp\/v2\/pages"}],"about":[{"href":"https:\/\/secretelemuzicii.com\/ro\/wp-json\/wp\/v2\/types\/page"}],"author":[{"embeddable":true,"href":"https:\/\/secretelemuzicii.com\/ro\/wp-json\/wp\/v2\/users\/1"}],"replies":[{"embeddable":true,"href":"https:\/\/secretelemuzicii.com\/ro\/wp-json\/wp\/v2\/comments?post=1065"}],"version-history":[{"count":23,"href":"https:\/\/secretelemuzicii.com\/ro\/wp-json\/wp\/v2\/pages\/1065\/revisions"}],"predecessor-version":[{"id":3955,"href":"https:\/\/secretelemuzicii.com\/ro\/wp-json\/wp\/v2\/pages\/1065\/revisions\/3955"}],"wp:attachment":[{"href":"https:\/\/secretelemuzicii.com\/ro\/wp-json\/wp\/v2\/media?parent=1065"}],"curies":[{"name":"wp","href":"https:\/\/api.w.org\/{rel}","templated":true}]}}