{"id":1101,"date":"2022-01-10T14:45:25","date_gmt":"2022-01-10T14:45:25","guid":{"rendered":"https:\/\/secretelemuzicii.com\/?page_id=1101"},"modified":"2022-06-30T16:15:05","modified_gmt":"2022-06-30T16:15:05","slug":"clasa-i","status":"publish","type":"page","link":"https:\/\/secretelemuzicii.com\/ro\/muzica-si-miscare\/clasa-i\/","title":{"rendered":"Clasa I"},"content":{"rendered":"<div data-elementor-type=\"wp-page\" data-elementor-id=\"1101\" class=\"elementor elementor-1101\">\n\t\t\t\t\t\t<section class=\"elementor-section elementor-top-section elementor-element elementor-element-d2494a7 elementor-section-boxed elementor-section-height-default elementor-section-height-default\" data-id=\"d2494a7\" data-element_type=\"section\" data-e-type=\"section\">\n\t\t\t\t\t\t<div class=\"elementor-container elementor-column-gap-default\">\n\t\t\t\t\t<div class=\"elementor-column elementor-col-100 elementor-top-column elementor-element elementor-element-6a0d245\" data-id=\"6a0d245\" data-element_type=\"column\" data-e-type=\"column\">\n\t\t\t<div class=\"elementor-widget-wrap elementor-element-populated\">\n\t\t\t\t\t\t<div class=\"elementor-element elementor-element-62fd501 elementor-widget elementor-widget-heading\" data-id=\"62fd501\" data-element_type=\"widget\" data-e-type=\"widget\" data-widget_type=\"heading.default\">\n\t\t\t\t<div class=\"elementor-widget-container\">\n\t\t\t\t\t<h2 class=\"elementor-heading-title elementor-size-large\">\u00cenc\u0103lzire vocal\u0103 - Vocalize<\/h2>\t\t\t\t<\/div>\n\t\t\t\t<\/div>\n\t\t\t\t<div class=\"elementor-element elementor-element-3d5c7bc elementor-widget elementor-widget-video\" data-id=\"3d5c7bc\" data-element_type=\"widget\" data-e-type=\"widget\" data-settings=\"{&quot;youtube_url&quot;:&quot;https:\\\/\\\/youtu.be\\\/xWp327QjiKg&quot;,&quot;video_type&quot;:&quot;youtube&quot;,&quot;controls&quot;:&quot;yes&quot;}\" data-widget_type=\"video.default\">\n\t\t\t\t<div class=\"elementor-widget-container\">\n\t\t\t\t\t\t\t<div class=\"elementor-wrapper elementor-open-inline\">\n\t\t\t<div class=\"elementor-video\"><\/div>\t\t<\/div>\n\t\t\t\t\t\t<\/div>\n\t\t\t\t<\/div>\n\t\t\t\t\t<\/div>\n\t\t<\/div>\n\t\t\t\t\t<\/div>\n\t\t<\/section>\n\t\t\t\t<section class=\"elementor-section elementor-top-section elementor-element elementor-element-7aa518a elementor-section-boxed elementor-section-height-default elementor-section-height-default\" data-id=\"7aa518a\" data-element_type=\"section\" data-e-type=\"section\">\n\t\t\t\t\t\t<div class=\"elementor-container elementor-column-gap-default\">\n\t\t\t\t\t<div class=\"elementor-column elementor-col-50 elementor-top-column elementor-element elementor-element-a946396\" data-id=\"a946396\" data-element_type=\"column\" data-e-type=\"column\">\n\t\t\t<div class=\"elementor-widget-wrap elementor-element-populated\">\n\t\t\t\t\t\t<div class=\"elementor-element elementor-element-ef7f3b9 elementor-widget elementor-widget-heading\" data-id=\"ef7f3b9\" data-element_type=\"widget\" data-e-type=\"widget\" data-widget_type=\"heading.default\">\n\t\t\t\t<div class=\"elementor-widget-container\">\n\t\t\t\t\t<h2 class=\"elementor-heading-title elementor-size-large\">Christmas Body Percussion<\/h2>\t\t\t\t<\/div>\n\t\t\t\t<\/div>\n\t\t\t\t<div class=\"elementor-element elementor-element-2b39960 elementor-widget elementor-widget-video\" data-id=\"2b39960\" data-element_type=\"widget\" data-e-type=\"widget\" data-settings=\"{&quot;youtube_url&quot;:&quot;https:\\\/\\\/youtu.be\\\/jgTzJFoGni0&quot;,&quot;video_type&quot;:&quot;youtube&quot;,&quot;controls&quot;:&quot;yes&quot;}\" data-widget_type=\"video.default\">\n\t\t\t\t<div class=\"elementor-widget-container\">\n\t\t\t\t\t\t\t<div class=\"elementor-wrapper elementor-open-inline\">\n\t\t\t<div class=\"elementor-video\"><\/div>\t\t<\/div>\n\t\t\t\t\t\t<\/div>\n\t\t\t\t<\/div>\n\t\t\t\t\t<\/div>\n\t\t<\/div>\n\t\t\t\t<div class=\"elementor-column elementor-col-50 elementor-top-column elementor-element elementor-element-fa38885\" data-id=\"fa38885\" data-element_type=\"column\" data-e-type=\"column\">\n\t\t\t<div class=\"elementor-widget-wrap elementor-element-populated\">\n\t\t\t\t\t\t<div class=\"elementor-element elementor-element-8b675a5 elementor-widget elementor-widget-heading\" data-id=\"8b675a5\" data-element_type=\"widget\" data-e-type=\"widget\" data-widget_type=\"heading.default\">\n\t\t\t\t<div class=\"elementor-widget-container\">\n\t\t\t\t\t<h2 class=\"elementor-heading-title elementor-size-large\">Joc ritmic \"Buc\u0103t\u0103ria muzical\u0103\"<\/h2>\t\t\t\t<\/div>\n\t\t\t\t<\/div>\n\t\t\t\t<div class=\"elementor-element elementor-element-73dd63d elementor-widget elementor-widget-video\" data-id=\"73dd63d\" data-element_type=\"widget\" data-e-type=\"widget\" data-settings=\"{&quot;youtube_url&quot;:&quot;https:\\\/\\\/youtu.be\\\/o7IH2_3Nmiw&quot;,&quot;video_type&quot;:&quot;youtube&quot;,&quot;controls&quot;:&quot;yes&quot;}\" data-widget_type=\"video.default\">\n\t\t\t\t<div class=\"elementor-widget-container\">\n\t\t\t\t\t\t\t<div class=\"elementor-wrapper elementor-open-inline\">\n\t\t\t<div class=\"elementor-video\"><\/div>\t\t<\/div>\n\t\t\t\t\t\t<\/div>\n\t\t\t\t<\/div>\n\t\t\t\t\t<\/div>\n\t\t<\/div>\n\t\t\t\t\t<\/div>\n\t\t<\/section>\n\t\t\t\t<section class=\"elementor-section elementor-top-section elementor-element elementor-element-fc24ef6 elementor-section-boxed elementor-section-height-default elementor-section-height-default\" data-id=\"fc24ef6\" data-element_type=\"section\" data-e-type=\"section\">\n\t\t\t\t\t\t<div class=\"elementor-container elementor-column-gap-default\">\n\t\t\t\t\t<div class=\"elementor-column elementor-col-50 elementor-top-column elementor-element elementor-element-b390bb2\" data-id=\"b390bb2\" data-element_type=\"column\" data-e-type=\"column\">\n\t\t\t<div class=\"elementor-widget-wrap elementor-element-populated\">\n\t\t\t\t\t\t<div class=\"elementor-element elementor-element-f3d5810 elementor-widget elementor-widget-heading\" data-id=\"f3d5810\" data-element_type=\"widget\" data-e-type=\"widget\" data-widget_type=\"heading.default\">\n\t\t\t\t<div class=\"elementor-widget-container\">\n\t\t\t\t\t<h2 class=\"elementor-heading-title elementor-size-large\">Muzic\u0103, emo\u021bie \u0219i culoare<\/h2>\t\t\t\t<\/div>\n\t\t\t\t<\/div>\n\t\t\t\t<div class=\"elementor-element elementor-element-fcc3ee2 elementor-widget elementor-widget-video\" data-id=\"fcc3ee2\" data-element_type=\"widget\" data-e-type=\"widget\" data-settings=\"{&quot;youtube_url&quot;:&quot;https:\\\/\\\/youtu.be\\\/PIvPa7ZWMwU&quot;,&quot;video_type&quot;:&quot;youtube&quot;,&quot;controls&quot;:&quot;yes&quot;}\" data-widget_type=\"video.default\">\n\t\t\t\t<div class=\"elementor-widget-container\">\n\t\t\t\t\t\t\t<div class=\"elementor-wrapper elementor-open-inline\">\n\t\t\t<div class=\"elementor-video\"><\/div>\t\t<\/div>\n\t\t\t\t\t\t<\/div>\n\t\t\t\t<\/div>\n\t\t\t\t\t<\/div>\n\t\t<\/div>\n\t\t\t\t<div class=\"elementor-column elementor-col-50 elementor-top-column elementor-element elementor-element-2686b6d\" data-id=\"2686b6d\" data-element_type=\"column\" data-e-type=\"column\">\n\t\t\t<div class=\"elementor-widget-wrap elementor-element-populated\">\n\t\t\t\t\t\t<div class=\"elementor-element elementor-element-01d3111 elementor-widget elementor-widget-heading\" data-id=\"01d3111\" data-element_type=\"widget\" data-e-type=\"widget\" data-widget_type=\"heading.default\">\n\t\t\t\t<div class=\"elementor-widget-container\">\n\t\t\t\t\t<h2 class=\"elementor-heading-title elementor-size-large\">Sunete din lumea pasarilor<\/h2>\t\t\t\t<\/div>\n\t\t\t\t<\/div>\n\t\t\t\t<div class=\"elementor-element elementor-element-e8f481f elementor-widget elementor-widget-image\" data-id=\"e8f481f\" data-element_type=\"widget\" data-e-type=\"widget\" data-widget_type=\"image.default\">\n\t\t\t\t<div class=\"elementor-widget-container\">\n\t\t\t\t\t\t\t\t\t\t\t\t\t\t\t\t<a href=\"https:\/\/view.genial.ly\/61e3f02d45bdb80d2d182a2a\/interactive-content-clasa-1-sunete-din-lumea-pasarilor\">\n\t\t\t\t\t\t\t<img fetchpriority=\"high\" decoding=\"async\" width=\"1245\" height=\"700\" src=\"https:\/\/secretelemuzicii.com\/wp-content\/uploads\/2022\/01\/lumea-pasarilor-2.jpeg\" class=\"attachment-2048x2048 size-2048x2048 wp-image-1860\" alt=\"\" srcset=\"https:\/\/secretelemuzicii.com\/wp-content\/uploads\/2022\/01\/lumea-pasarilor-2.jpeg 1245w, https:\/\/secretelemuzicii.com\/wp-content\/uploads\/2022\/01\/lumea-pasarilor-2-1080x607.jpeg 1080w, https:\/\/secretelemuzicii.com\/wp-content\/uploads\/2022\/01\/lumea-pasarilor-2-600x337.jpeg 600w, https:\/\/secretelemuzicii.com\/wp-content\/uploads\/2022\/01\/lumea-pasarilor-2-200x112.jpeg 200w, https:\/\/secretelemuzicii.com\/wp-content\/uploads\/2022\/01\/lumea-pasarilor-2-50x28.jpeg 50w, https:\/\/secretelemuzicii.com\/wp-content\/uploads\/2022\/01\/lumea-pasarilor-2-768x432.jpeg 768w\" sizes=\"(max-width: 1245px) 100vw, 1245px\" \/>\t\t\t\t\t\t\t\t<\/a>\n\t\t\t\t\t\t\t\t\t\t\t\t\t\t\t<\/div>\n\t\t\t\t<\/div>\n\t\t\t\t\t<\/div>\n\t\t<\/div>\n\t\t\t\t\t<\/div>\n\t\t<\/section>\n\t\t\t\t<section class=\"elementor-section elementor-top-section elementor-element elementor-element-182cb07 elementor-section-boxed elementor-section-height-default elementor-section-height-default\" data-id=\"182cb07\" data-element_type=\"section\" data-e-type=\"section\">\n\t\t\t\t\t\t<div class=\"elementor-container elementor-column-gap-default\">\n\t\t\t\t\t<div class=\"elementor-column elementor-col-50 elementor-top-column elementor-element elementor-element-34a2542\" data-id=\"34a2542\" data-element_type=\"column\" data-e-type=\"column\">\n\t\t\t<div class=\"elementor-widget-wrap elementor-element-populated\">\n\t\t\t\t\t\t<div class=\"elementor-element elementor-element-0132e78 elementor-widget elementor-widget-heading\" data-id=\"0132e78\" data-element_type=\"widget\" data-e-type=\"widget\" data-widget_type=\"heading.default\">\n\t\t\t\t<div class=\"elementor-widget-container\">\n\t\t\t\t\t<h2 class=\"elementor-heading-title elementor-size-large\">Sunete grave \u0219i acute<\/h2>\t\t\t\t<\/div>\n\t\t\t\t<\/div>\n\t\t\t\t<div class=\"elementor-element elementor-element-3f41fc7 elementor-widget elementor-widget-image\" data-id=\"3f41fc7\" data-element_type=\"widget\" data-e-type=\"widget\" data-widget_type=\"image.default\">\n\t\t\t\t<div class=\"elementor-widget-container\">\n\t\t\t\t\t\t\t\t\t\t\t\t\t\t\t\t<a href=\"https:\/\/view.genial.ly\/6225c078015355001228d1fa\">\n\t\t\t\t\t\t\t<img decoding=\"async\" width=\"1047\" height=\"589\" src=\"https:\/\/secretelemuzicii.com\/wp-content\/uploads\/2022\/03\/WhatsApp-Image-2022-03-07-at-22.50.16.jpeg\" class=\"attachment-signify-slider size-signify-slider wp-image-2486\" alt=\"\" srcset=\"https:\/\/secretelemuzicii.com\/wp-content\/uploads\/2022\/03\/WhatsApp-Image-2022-03-07-at-22.50.16.jpeg 1047w, https:\/\/secretelemuzicii.com\/wp-content\/uploads\/2022\/03\/WhatsApp-Image-2022-03-07-at-22.50.16-600x338.jpeg 600w, https:\/\/secretelemuzicii.com\/wp-content\/uploads\/2022\/03\/WhatsApp-Image-2022-03-07-at-22.50.16-200x113.jpeg 200w, https:\/\/secretelemuzicii.com\/wp-content\/uploads\/2022\/03\/WhatsApp-Image-2022-03-07-at-22.50.16-50x28.jpeg 50w, https:\/\/secretelemuzicii.com\/wp-content\/uploads\/2022\/03\/WhatsApp-Image-2022-03-07-at-22.50.16-768x432.jpeg 768w\" sizes=\"(max-width: 1047px) 100vw, 1047px\" \/>\t\t\t\t\t\t\t\t<\/a>\n\t\t\t\t\t\t\t\t\t\t\t\t\t\t\t<\/div>\n\t\t\t\t<\/div>\n\t\t\t\t\t<\/div>\n\t\t<\/div>\n\t\t\t\t<div class=\"elementor-column elementor-col-50 elementor-top-column elementor-element elementor-element-f0e077b\" data-id=\"f0e077b\" data-element_type=\"column\" data-e-type=\"column\">\n\t\t\t<div class=\"elementor-widget-wrap elementor-element-populated\">\n\t\t\t\t\t\t<div class=\"elementor-element elementor-element-838c3e1 elementor-widget elementor-widget-heading\" data-id=\"838c3e1\" data-element_type=\"widget\" data-e-type=\"widget\" data-widget_type=\"heading.default\">\n\t\t\t\t<div class=\"elementor-widget-container\">\n\t\t\t\t\t<h2 class=\"elementor-heading-title elementor-size-large\">Instrumentele muzicale<\/h2>\t\t\t\t<\/div>\n\t\t\t\t<\/div>\n\t\t\t\t<div class=\"elementor-element elementor-element-cc914c9 elementor-widget elementor-widget-image\" data-id=\"cc914c9\" data-element_type=\"widget\" data-e-type=\"widget\" data-widget_type=\"image.default\">\n\t\t\t\t<div class=\"elementor-widget-container\">\n\t\t\t\t\t\t\t\t\t\t\t\t\t\t\t\t<a href=\"https:\/\/view.genial.ly\/62123b05960abb0011367461\">\n\t\t\t\t\t\t\t<img decoding=\"async\" width=\"1043\" height=\"587\" src=\"https:\/\/secretelemuzicii.com\/wp-content\/uploads\/2022\/03\/WhatsApp-Image-2022-02-28-at-22.23.54.jpeg\" class=\"attachment-signify-slider size-signify-slider wp-image-2467\" alt=\"\" srcset=\"https:\/\/secretelemuzicii.com\/wp-content\/uploads\/2022\/03\/WhatsApp-Image-2022-02-28-at-22.23.54.jpeg 1043w, https:\/\/secretelemuzicii.com\/wp-content\/uploads\/2022\/03\/WhatsApp-Image-2022-02-28-at-22.23.54-600x338.jpeg 600w, https:\/\/secretelemuzicii.com\/wp-content\/uploads\/2022\/03\/WhatsApp-Image-2022-02-28-at-22.23.54-200x113.jpeg 200w, https:\/\/secretelemuzicii.com\/wp-content\/uploads\/2022\/03\/WhatsApp-Image-2022-02-28-at-22.23.54-50x28.jpeg 50w, https:\/\/secretelemuzicii.com\/wp-content\/uploads\/2022\/03\/WhatsApp-Image-2022-02-28-at-22.23.54-768x432.jpeg 768w\" sizes=\"(max-width: 1043px) 100vw, 1043px\" \/>\t\t\t\t\t\t\t\t<\/a>\n\t\t\t\t\t\t\t\t\t\t\t\t\t\t\t<\/div>\n\t\t\t\t<\/div>\n\t\t\t\t\t<\/div>\n\t\t<\/div>\n\t\t\t\t\t<\/div>\n\t\t<\/section>\n\t\t\t\t<section class=\"elementor-section elementor-top-section elementor-element elementor-element-0aac6e2 elementor-section-boxed elementor-section-height-default elementor-section-height-default\" data-id=\"0aac6e2\" data-element_type=\"section\" data-e-type=\"section\">\n\t\t\t\t\t\t<div class=\"elementor-container elementor-column-gap-default\">\n\t\t\t\t\t<div class=\"elementor-column elementor-col-50 elementor-top-column elementor-element elementor-element-27cb293\" data-id=\"27cb293\" data-element_type=\"column\" data-e-type=\"column\">\n\t\t\t<div class=\"elementor-widget-wrap elementor-element-populated\">\n\t\t\t\t\t\t<div class=\"elementor-element elementor-element-b89512f elementor-widget elementor-widget-heading\" data-id=\"b89512f\" data-element_type=\"widget\" data-e-type=\"widget\" data-widget_type=\"heading.default\">\n\t\t\t\t<div class=\"elementor-widget-container\">\n\t\t\t\t\t<h2 class=\"elementor-heading-title elementor-size-large\"><a href=\"https:\/\/view.genial.ly\/61fcde30cfd6e60018e51f06\">Sunete lungi, medii \u0219i scurte<\/a><\/h2>\t\t\t\t<\/div>\n\t\t\t\t<\/div>\n\t\t\t\t<div class=\"elementor-element elementor-element-cca3405 elementor-widget elementor-widget-image\" data-id=\"cca3405\" data-element_type=\"widget\" data-e-type=\"widget\" data-widget_type=\"image.default\">\n\t\t\t\t<div class=\"elementor-widget-container\">\n\t\t\t\t\t\t\t\t\t\t\t\t\t\t\t\t<a href=\"https:\/\/view.genial.ly\/61fcde30cfd6e60018e51f06\">\n\t\t\t\t\t\t\t<img loading=\"lazy\" decoding=\"async\" width=\"1321\" height=\"738\" src=\"https:\/\/secretelemuzicii.com\/wp-content\/uploads\/2022\/06\/Sunete-lungi-medii-si-scurte-1.jpg\" class=\"attachment-signify-slider size-signify-slider wp-image-2720\" alt=\"\" srcset=\"https:\/\/secretelemuzicii.com\/wp-content\/uploads\/2022\/06\/Sunete-lungi-medii-si-scurte-1.jpg 1321w, https:\/\/secretelemuzicii.com\/wp-content\/uploads\/2022\/06\/Sunete-lungi-medii-si-scurte-1-1080x603.jpg 1080w, https:\/\/secretelemuzicii.com\/wp-content\/uploads\/2022\/06\/Sunete-lungi-medii-si-scurte-1-600x335.jpg 600w, https:\/\/secretelemuzicii.com\/wp-content\/uploads\/2022\/06\/Sunete-lungi-medii-si-scurte-1-200x112.jpg 200w, https:\/\/secretelemuzicii.com\/wp-content\/uploads\/2022\/06\/Sunete-lungi-medii-si-scurte-1-50x28.jpg 50w, https:\/\/secretelemuzicii.com\/wp-content\/uploads\/2022\/06\/Sunete-lungi-medii-si-scurte-1-768x429.jpg 768w\" sizes=\"(max-width: 1321px) 100vw, 1321px\" \/>\t\t\t\t\t\t\t\t<\/a>\n\t\t\t\t\t\t\t\t\t\t\t\t\t\t\t<\/div>\n\t\t\t\t<\/div>\n\t\t\t\t\t<\/div>\n\t\t<\/div>\n\t\t\t\t<div class=\"elementor-column elementor-col-50 elementor-top-column elementor-element elementor-element-23c3141\" data-id=\"23c3141\" data-element_type=\"column\" data-e-type=\"column\">\n\t\t\t<div class=\"elementor-widget-wrap\">\n\t\t\t\t\t\t\t<\/div>\n\t\t<\/div>\n\t\t\t\t\t<\/div>\n\t\t<\/section>\n\t\t\t\t<\/div>","protected":false},"excerpt":{"rendered":"<p>\u00cenc\u0103lzire vocal\u0103 &#8211; Vocalize Christmas Body Percussion Joc ritmic &#8220;Buc\u0103t\u0103ria muzical\u0103&#8221; Muzic\u0103, emo\u021bie \u0219i culoare Sunete din lumea pasarilor Sunete<\/p>\n<p><a href=\"https:\/\/secretelemuzicii.com\/ro\/muzica-si-miscare\/clasa-i\/\" class=\"more-link\">Continue reading<span class=\"screen-reader-text\">Clasa I<\/span><\/a><\/p>","protected":false},"author":1,"featured_media":0,"parent":1057,"menu_order":0,"comment_status":"closed","ping_status":"closed","template":"","meta":{"_coblocks_attr":"","_coblocks_dimensions":"","_coblocks_responsive_height":"","_coblocks_accordion_ie_support":"","_mo_disable_npp":"","_ppp_document_settings_meta":"","footnotes":""},"class_list":["post-1101","page","type-page","status-publish","hentry"],"yoast_head":"<!-- This site is optimized with the Yoast SEO plugin v27.4 - https:\/\/yoast.com\/product\/yoast-seo-wordpress\/ -->\n<title>Clasa I - Secretele Muzicii<\/title>\n<meta name=\"robots\" content=\"index, follow, max-snippet:-1, max-image-preview:large, max-video-preview:-1\" \/>\n<link rel=\"canonical\" href=\"https:\/\/secretelemuzicii.com\/ro\/muzica-si-miscare\/clasa-i\/\" \/>\n<meta property=\"og:locale\" content=\"ro_RO\" \/>\n<meta property=\"og:type\" content=\"article\" \/>\n<meta property=\"og:title\" content=\"Clasa I - Secretele Muzicii\" \/>\n<meta property=\"og:description\" content=\"\u00cenc\u0103lzire vocal\u0103 &#8211; Vocalize Christmas Body Percussion Joc ritmic &#8220;Buc\u0103t\u0103ria muzical\u0103&#8221; Muzic\u0103, emo\u021bie \u0219i culoare Sunete din lumea pasarilor SuneteContinue readingClasa I\" \/>\n<meta property=\"og:url\" content=\"https:\/\/secretelemuzicii.com\/ro\/muzica-si-miscare\/clasa-i\/\" \/>\n<meta property=\"og:site_name\" content=\"Secretele Muzicii\" \/>\n<meta property=\"article:publisher\" content=\"https:\/\/www.facebook.com\/klaudyasecretelemuzicii\" \/>\n<meta property=\"article:modified_time\" content=\"2022-06-30T16:15:05+00:00\" \/>\n<meta property=\"og:image\" content=\"https:\/\/secretelemuzicii.com\/wp-content\/uploads\/2022\/01\/lumea-pasarilor-2.jpeg\" \/>\n<meta name=\"twitter:card\" content=\"summary_large_image\" \/>\n<meta name=\"twitter:label1\" content=\"Timp estimat pentru citire\" \/>\n\t<meta name=\"twitter:data1\" content=\"1 minut\" \/>\n<script type=\"application\/ld+json\" class=\"yoast-schema-graph\">{\"@context\":\"https:\\\/\\\/schema.org\",\"@graph\":[{\"@type\":\"WebPage\",\"@id\":\"https:\\\/\\\/secretelemuzicii.com\\\/muzica-si-miscare\\\/clasa-i\\\/\",\"url\":\"https:\\\/\\\/secretelemuzicii.com\\\/muzica-si-miscare\\\/clasa-i\\\/\",\"name\":\"Clasa I - Secretele Muzicii\",\"isPartOf\":{\"@id\":\"https:\\\/\\\/secretelemuzicii.com\\\/#website\"},\"primaryImageOfPage\":{\"@id\":\"https:\\\/\\\/secretelemuzicii.com\\\/muzica-si-miscare\\\/clasa-i\\\/#primaryimage\"},\"image\":{\"@id\":\"https:\\\/\\\/secretelemuzicii.com\\\/muzica-si-miscare\\\/clasa-i\\\/#primaryimage\"},\"thumbnailUrl\":\"https:\\\/\\\/secretelemuzicii.com\\\/wp-content\\\/uploads\\\/2022\\\/01\\\/lumea-pasarilor-2.jpeg\",\"datePublished\":\"2022-01-10T14:45:25+00:00\",\"dateModified\":\"2022-06-30T16:15:05+00:00\",\"breadcrumb\":{\"@id\":\"https:\\\/\\\/secretelemuzicii.com\\\/muzica-si-miscare\\\/clasa-i\\\/#breadcrumb\"},\"inLanguage\":\"ro-RO\",\"potentialAction\":[{\"@type\":\"ReadAction\",\"target\":[\"https:\\\/\\\/secretelemuzicii.com\\\/muzica-si-miscare\\\/clasa-i\\\/\"]}]},{\"@type\":\"ImageObject\",\"inLanguage\":\"ro-RO\",\"@id\":\"https:\\\/\\\/secretelemuzicii.com\\\/muzica-si-miscare\\\/clasa-i\\\/#primaryimage\",\"url\":\"https:\\\/\\\/secretelemuzicii.com\\\/wp-content\\\/uploads\\\/2022\\\/01\\\/lumea-pasarilor-2.jpeg\",\"contentUrl\":\"https:\\\/\\\/secretelemuzicii.com\\\/wp-content\\\/uploads\\\/2022\\\/01\\\/lumea-pasarilor-2.jpeg\"},{\"@type\":\"BreadcrumbList\",\"@id\":\"https:\\\/\\\/secretelemuzicii.com\\\/muzica-si-miscare\\\/clasa-i\\\/#breadcrumb\",\"itemListElement\":[{\"@type\":\"ListItem\",\"position\":1,\"name\":\"Home\",\"item\":\"https:\\\/\\\/secretelemuzicii.com\\\/\"},{\"@type\":\"ListItem\",\"position\":2,\"name\":\"Muzica \u0219i mi\u0219care\",\"item\":\"https:\\\/\\\/secretelemuzicii.com\\\/muzica-si-miscare\\\/\"},{\"@type\":\"ListItem\",\"position\":3,\"name\":\"Clasa I\"}]},{\"@type\":\"WebSite\",\"@id\":\"https:\\\/\\\/secretelemuzicii.com\\\/#website\",\"url\":\"https:\\\/\\\/secretelemuzicii.com\\\/\",\"name\":\"Secretele Muzicii\",\"description\":\"\u00cenva\u021b\u0103 muzic\u0103 simplu, creativ \u0219i distractiv!\",\"publisher\":{\"@id\":\"https:\\\/\\\/secretelemuzicii.com\\\/#organization\"},\"potentialAction\":[{\"@type\":\"SearchAction\",\"target\":{\"@type\":\"EntryPoint\",\"urlTemplate\":\"https:\\\/\\\/secretelemuzicii.com\\\/?s={search_term_string}\"},\"query-input\":{\"@type\":\"PropertyValueSpecification\",\"valueRequired\":true,\"valueName\":\"search_term_string\"}}],\"inLanguage\":\"ro-RO\"},{\"@type\":\"Organization\",\"@id\":\"https:\\\/\\\/secretelemuzicii.com\\\/#organization\",\"name\":\"Secretele Muzicii\",\"url\":\"https:\\\/\\\/secretelemuzicii.com\\\/\",\"logo\":{\"@type\":\"ImageObject\",\"inLanguage\":\"ro-RO\",\"@id\":\"https:\\\/\\\/secretelemuzicii.com\\\/#\\\/schema\\\/logo\\\/image\\\/\",\"url\":\"https:\\\/\\\/secretelemuzicii.com\\\/wp-content\\\/uploads\\\/2022\\\/01\\\/cropped-Logo-Chitara-Cheia-sol-Alb.png\",\"contentUrl\":\"https:\\\/\\\/secretelemuzicii.com\\\/wp-content\\\/uploads\\\/2022\\\/01\\\/cropped-Logo-Chitara-Cheia-sol-Alb.png\",\"width\":2481,\"height\":2480,\"caption\":\"Secretele Muzicii\"},\"image\":{\"@id\":\"https:\\\/\\\/secretelemuzicii.com\\\/#\\\/schema\\\/logo\\\/image\\\/\"},\"sameAs\":[\"https:\\\/\\\/www.facebook.com\\\/klaudyasecretelemuzicii\",\"https:\\\/\\\/ro.linkedin.com\\\/in\\\/claudia-mazilu-8b1225177\",\"https:\\\/\\\/www.youtube.com\\\/@secretelemuzicii\\\/featured\"]}]}<\/script>\n<!-- \/ Yoast SEO plugin. -->","yoast_head_json":{"title":"Clasa I - Secretele Muzicii","robots":{"index":"index","follow":"follow","max-snippet":"max-snippet:-1","max-image-preview":"max-image-preview:large","max-video-preview":"max-video-preview:-1"},"canonical":"https:\/\/secretelemuzicii.com\/ro\/muzica-si-miscare\/clasa-i\/","og_locale":"ro_RO","og_type":"article","og_title":"Clasa I - Secretele Muzicii","og_description":"\u00cenc\u0103lzire vocal\u0103 &#8211; Vocalize Christmas Body Percussion Joc ritmic &#8220;Buc\u0103t\u0103ria muzical\u0103&#8221; Muzic\u0103, emo\u021bie \u0219i culoare Sunete din lumea pasarilor SuneteContinue readingClasa I","og_url":"https:\/\/secretelemuzicii.com\/ro\/muzica-si-miscare\/clasa-i\/","og_site_name":"Secretele Muzicii","article_publisher":"https:\/\/www.facebook.com\/klaudyasecretelemuzicii","article_modified_time":"2022-06-30T16:15:05+00:00","og_image":[{"url":"https:\/\/secretelemuzicii.com\/wp-content\/uploads\/2022\/01\/lumea-pasarilor-2.jpeg","type":"","width":"","height":""}],"twitter_card":"summary_large_image","twitter_misc":{"Timp estimat pentru citire":"1 minut"},"schema":{"@context":"https:\/\/schema.org","@graph":[{"@type":"WebPage","@id":"https:\/\/secretelemuzicii.com\/muzica-si-miscare\/clasa-i\/","url":"https:\/\/secretelemuzicii.com\/muzica-si-miscare\/clasa-i\/","name":"Clasa I - Secretele Muzicii","isPartOf":{"@id":"https:\/\/secretelemuzicii.com\/#website"},"primaryImageOfPage":{"@id":"https:\/\/secretelemuzicii.com\/muzica-si-miscare\/clasa-i\/#primaryimage"},"image":{"@id":"https:\/\/secretelemuzicii.com\/muzica-si-miscare\/clasa-i\/#primaryimage"},"thumbnailUrl":"https:\/\/secretelemuzicii.com\/wp-content\/uploads\/2022\/01\/lumea-pasarilor-2.jpeg","datePublished":"2022-01-10T14:45:25+00:00","dateModified":"2022-06-30T16:15:05+00:00","breadcrumb":{"@id":"https:\/\/secretelemuzicii.com\/muzica-si-miscare\/clasa-i\/#breadcrumb"},"inLanguage":"ro-RO","potentialAction":[{"@type":"ReadAction","target":["https:\/\/secretelemuzicii.com\/muzica-si-miscare\/clasa-i\/"]}]},{"@type":"ImageObject","inLanguage":"ro-RO","@id":"https:\/\/secretelemuzicii.com\/muzica-si-miscare\/clasa-i\/#primaryimage","url":"https:\/\/secretelemuzicii.com\/wp-content\/uploads\/2022\/01\/lumea-pasarilor-2.jpeg","contentUrl":"https:\/\/secretelemuzicii.com\/wp-content\/uploads\/2022\/01\/lumea-pasarilor-2.jpeg"},{"@type":"BreadcrumbList","@id":"https:\/\/secretelemuzicii.com\/muzica-si-miscare\/clasa-i\/#breadcrumb","itemListElement":[{"@type":"ListItem","position":1,"name":"Home","item":"https:\/\/secretelemuzicii.com\/"},{"@type":"ListItem","position":2,"name":"Muzica \u0219i mi\u0219care","item":"https:\/\/secretelemuzicii.com\/muzica-si-miscare\/"},{"@type":"ListItem","position":3,"name":"Clasa I"}]},{"@type":"WebSite","@id":"https:\/\/secretelemuzicii.com\/#website","url":"https:\/\/secretelemuzicii.com\/","name":"Secretele Muzicii","description":"\u00cenva\u021b\u0103 muzic\u0103 simplu, creativ \u0219i distractiv!","publisher":{"@id":"https:\/\/secretelemuzicii.com\/#organization"},"potentialAction":[{"@type":"SearchAction","target":{"@type":"EntryPoint","urlTemplate":"https:\/\/secretelemuzicii.com\/?s={search_term_string}"},"query-input":{"@type":"PropertyValueSpecification","valueRequired":true,"valueName":"search_term_string"}}],"inLanguage":"ro-RO"},{"@type":"Organization","@id":"https:\/\/secretelemuzicii.com\/#organization","name":"Secretele Muzicii","url":"https:\/\/secretelemuzicii.com\/","logo":{"@type":"ImageObject","inLanguage":"ro-RO","@id":"https:\/\/secretelemuzicii.com\/#\/schema\/logo\/image\/","url":"https:\/\/secretelemuzicii.com\/wp-content\/uploads\/2022\/01\/cropped-Logo-Chitara-Cheia-sol-Alb.png","contentUrl":"https:\/\/secretelemuzicii.com\/wp-content\/uploads\/2022\/01\/cropped-Logo-Chitara-Cheia-sol-Alb.png","width":2481,"height":2480,"caption":"Secretele Muzicii"},"image":{"@id":"https:\/\/secretelemuzicii.com\/#\/schema\/logo\/image\/"},"sameAs":["https:\/\/www.facebook.com\/klaudyasecretelemuzicii","https:\/\/ro.linkedin.com\/in\/claudia-mazilu-8b1225177","https:\/\/www.youtube.com\/@secretelemuzicii\/featured"]}]}},"_links":{"self":[{"href":"https:\/\/secretelemuzicii.com\/ro\/wp-json\/wp\/v2\/pages\/1101","targetHints":{"allow":["GET"]}}],"collection":[{"href":"https:\/\/secretelemuzicii.com\/ro\/wp-json\/wp\/v2\/pages"}],"about":[{"href":"https:\/\/secretelemuzicii.com\/ro\/wp-json\/wp\/v2\/types\/page"}],"author":[{"embeddable":true,"href":"https:\/\/secretelemuzicii.com\/ro\/wp-json\/wp\/v2\/users\/1"}],"replies":[{"embeddable":true,"href":"https:\/\/secretelemuzicii.com\/ro\/wp-json\/wp\/v2\/comments?post=1101"}],"version-history":[{"count":68,"href":"https:\/\/secretelemuzicii.com\/ro\/wp-json\/wp\/v2\/pages\/1101\/revisions"}],"predecessor-version":[{"id":2723,"href":"https:\/\/secretelemuzicii.com\/ro\/wp-json\/wp\/v2\/pages\/1101\/revisions\/2723"}],"up":[{"embeddable":true,"href":"https:\/\/secretelemuzicii.com\/ro\/wp-json\/wp\/v2\/pages\/1057"}],"wp:attachment":[{"href":"https:\/\/secretelemuzicii.com\/ro\/wp-json\/wp\/v2\/media?parent=1101"}],"curies":[{"name":"wp","href":"https:\/\/api.w.org\/{rel}","templated":true}]}}