{"id":2331,"date":"2022-01-26T21:01:35","date_gmt":"2022-01-26T21:01:35","guid":{"rendered":"https:\/\/secretelemuzicii.com\/?page_id=2331"},"modified":"2023-08-04T07:07:06","modified_gmt":"2023-08-04T07:07:06","slug":"despre","status":"publish","type":"page","link":"https:\/\/secretelemuzicii.com\/ro\/despre\/","title":{"rendered":"Despre"},"content":{"rendered":"<div data-elementor-type=\"wp-page\" data-elementor-id=\"2331\" class=\"elementor elementor-2331\">\n\t\t\t\t\t\t<section class=\"elementor-section elementor-top-section elementor-element elementor-element-2750aad elementor-section-boxed elementor-section-height-default elementor-section-height-default\" data-id=\"2750aad\" data-element_type=\"section\" data-e-type=\"section\">\n\t\t\t\t\t\t<div class=\"elementor-container elementor-column-gap-default\">\n\t\t\t\t\t<div class=\"elementor-column elementor-col-100 elementor-top-column elementor-element elementor-element-7f53df6\" data-id=\"7f53df6\" data-element_type=\"column\" data-e-type=\"column\">\n\t\t\t<div class=\"elementor-widget-wrap elementor-element-populated\">\n\t\t\t\t\t\t<div class=\"elementor-element elementor-element-ab2b6ae elementor-widget elementor-widget-video\" data-id=\"ab2b6ae\" data-element_type=\"widget\" data-e-type=\"widget\" data-settings=\"{&quot;youtube_url&quot;:&quot;https:\\\/\\\/youtu.be\\\/uU8dEkApxRE&quot;,&quot;autoplay&quot;:&quot;yes&quot;,&quot;loop&quot;:&quot;yes&quot;,&quot;mute&quot;:&quot;yes&quot;,&quot;video_type&quot;:&quot;youtube&quot;,&quot;controls&quot;:&quot;yes&quot;}\" data-widget_type=\"video.default\">\n\t\t\t\t<div class=\"elementor-widget-container\">\n\t\t\t\t\t\t\t<div class=\"elementor-wrapper elementor-open-inline\">\n\t\t\t<div class=\"elementor-video\"><\/div>\t\t<\/div>\n\t\t\t\t\t\t<\/div>\n\t\t\t\t<\/div>\n\t\t\t\t<div class=\"elementor-element elementor-element-ceec82f elementor-widget elementor-widget-spacer\" data-id=\"ceec82f\" data-element_type=\"widget\" data-e-type=\"widget\" data-widget_type=\"spacer.default\">\n\t\t\t\t<div class=\"elementor-widget-container\">\n\t\t\t\t\t\t\t<div class=\"elementor-spacer\">\n\t\t\t<div class=\"elementor-spacer-inner\"><\/div>\n\t\t<\/div>\n\t\t\t\t\t\t<\/div>\n\t\t\t\t<\/div>\n\t\t\t\t\t<\/div>\n\t\t<\/div>\n\t\t\t\t\t<\/div>\n\t\t<\/section>\n\t\t\t\t<section class=\"elementor-section elementor-top-section elementor-element elementor-element-d4e187b elementor-section-boxed elementor-section-height-default elementor-section-height-default\" data-id=\"d4e187b\" data-element_type=\"section\" data-e-type=\"section\">\n\t\t\t\t\t\t<div class=\"elementor-container elementor-column-gap-default\">\n\t\t\t\t\t<div class=\"elementor-column elementor-col-66 elementor-top-column elementor-element elementor-element-d49b315\" data-id=\"d49b315\" data-element_type=\"column\" data-e-type=\"column\">\n\t\t\t<div class=\"elementor-widget-wrap elementor-element-populated\">\n\t\t\t\t\t\t<div class=\"elementor-element elementor-element-8871bb1 elementor-widget elementor-widget-text-editor\" data-id=\"8871bb1\" data-element_type=\"widget\" data-e-type=\"widget\" data-widget_type=\"text-editor.default\">\n\t\t\t\t<div class=\"elementor-widget-container\">\n\t\t\t\t\t\t\t\t\t<p>\u00a0 \u00a0 \u00a0 \u00a0 \u00a0 \u00a0 \u00a0Secretele muzicii reprezint\u0103 r\u0103spunsul la \u00eentrebarea-refren: Oare \u0219coala ar putea fi \u0219i distractiv\u0103?<br \/>\u00a0 \u00a0 \u00a0 \u00a0 \u00a0 \u00a0 \u00a0 \u00a0 \u00a0 \u00a0Pline de creativitate \u0219i energie, lec\u021biile prezente pe site-ul Secretele muzicii sunt moderne, interactive \u0219i vin \u00een ajutorul:<br \/>\u00a0 \u00a0 \u00a0 \u00a0 \u00a0 \u00a0 \u00a0 \u00a0 \u00a0&#8211; <strong>cadrelor didactice<\/strong> &#8211; lec\u021biile fiind prezentate pe clase, \u00een concordan\u021b\u0103 cu programa \u0219colar\u0103 pentru materiile Muzic\u0103 \u0219i mi\u0219care \u0219i Educa\u021bie muzical\u0103;<br \/>\u00a0 \u00a0 \u00a0 \u00a0 \u00a0 \u00a0 \u00a0 \u00a0 \u00a0&#8211; <strong>elevilor<\/strong>, modalitatea de prezentare fiind clar\u0103 \u0219i u\u0219or de asimilat;<br \/>\u00a0 \u00a0 \u00a0 \u00a0 \u00a0 \u00a0 \u00a0 \u00a0 \u00a0&#8211; <strong>p\u0103rin\u021bilor<\/strong> interesa\u021bi de dezvoltarea armonioas\u0103 a copiilor, prin muzic\u0103.<\/p><p>\u00a0 \u00a0 \u00a0 \u00a0 \u00a0 \u00a0 \u00a0 \u00a0 \u00a0 Bine a\u021bi venit \u00een locul \u00een care se demonstreaz\u0103 c\u0103 \u00eenv\u0103\u021barea prin joac\u0103 este cea mai potrivit\u0103 metod\u0103 de a-\u021bi \u00eensu\u0219i informa\u021bii noi!<br \/>\u00a0 \u00a0 \u00a0 \u00a0 \u00a0 \u00a0 \u00a0 \u00a0 \u00a0&#8220;<em>C\u00e2nd analizezi \u0219i \u00een\u021belegi MUZICA, parc\u0103 pare \u0218I mai frumoas\u0103!<\/em>\u201d &#8211; <strong>Claudia Mazilu<\/strong><\/p>\t\t\t\t\t\t\t\t<\/div>\n\t\t\t\t<\/div>\n\t\t\t\t\t<\/div>\n\t\t<\/div>\n\t\t\t\t<div class=\"elementor-column elementor-col-33 elementor-top-column elementor-element elementor-element-2804425\" data-id=\"2804425\" data-element_type=\"column\" data-e-type=\"column\">\n\t\t\t<div class=\"elementor-widget-wrap elementor-element-populated\">\n\t\t\t\t\t\t<div class=\"elementor-element elementor-element-47e88d5 elementor-widget elementor-widget-image\" data-id=\"47e88d5\" data-element_type=\"widget\" data-e-type=\"widget\" data-widget_type=\"image.default\">\n\t\t\t\t<div class=\"elementor-widget-container\">\n\t\t\t\t\t\t\t\t\t\t\t\t\t\t\t<img fetchpriority=\"high\" decoding=\"async\" width=\"1267\" height=\"2560\" src=\"https:\/\/secretelemuzicii.com\/wp-content\/uploads\/2022\/01\/MAZ06376-crop-2-name-2-scaled.jpg\" class=\"attachment-full size-full wp-image-2040\" alt=\"\" srcset=\"https:\/\/secretelemuzicii.com\/wp-content\/uploads\/2022\/01\/MAZ06376-crop-2-name-2-scaled.jpg 1267w, https:\/\/secretelemuzicii.com\/wp-content\/uploads\/2022\/01\/MAZ06376-crop-2-name-2-scaled-1080x2182.jpg 1080w, https:\/\/secretelemuzicii.com\/wp-content\/uploads\/2022\/01\/MAZ06376-crop-2-name-2-scaled-600x1212.jpg 600w, https:\/\/secretelemuzicii.com\/wp-content\/uploads\/2022\/01\/MAZ06376-crop-2-name-2-99x200.jpg 99w, https:\/\/secretelemuzicii.com\/wp-content\/uploads\/2022\/01\/MAZ06376-crop-2-name-2-25x50.jpg 25w, https:\/\/secretelemuzicii.com\/wp-content\/uploads\/2022\/01\/MAZ06376-crop-2-name-2-768x1551.jpg 768w, https:\/\/secretelemuzicii.com\/wp-content\/uploads\/2022\/01\/MAZ06376-crop-2-name-2-760x1536.jpg 760w, https:\/\/secretelemuzicii.com\/wp-content\/uploads\/2022\/01\/MAZ06376-crop-2-name-2-1014x2048.jpg 1014w\" sizes=\"(max-width: 1267px) 100vw, 1267px\" \/>\t\t\t\t\t\t\t\t\t\t\t\t\t\t\t<\/div>\n\t\t\t\t<\/div>\n\t\t\t\t\t<\/div>\n\t\t<\/div>\n\t\t\t\t\t<\/div>\n\t\t<\/section>\n\t\t\t\t<section class=\"elementor-section elementor-top-section elementor-element elementor-element-3d7e432 elementor-section-boxed elementor-section-height-default elementor-section-height-default\" data-id=\"3d7e432\" data-element_type=\"section\" data-e-type=\"section\">\n\t\t\t\t\t\t<div class=\"elementor-container elementor-column-gap-default\">\n\t\t\t\t\t<div class=\"elementor-column elementor-col-100 elementor-top-column elementor-element elementor-element-bcdc955\" data-id=\"bcdc955\" data-element_type=\"column\" data-e-type=\"column\">\n\t\t\t<div class=\"elementor-widget-wrap elementor-element-populated\">\n\t\t\t\t\t\t<div class=\"elementor-element elementor-element-44895b0 elementor-widget elementor-widget-heading\" data-id=\"44895b0\" data-element_type=\"widget\" data-e-type=\"widget\" data-widget_type=\"heading.default\">\n\t\t\t\t<div class=\"elementor-widget-container\">\n\t\t\t\t\t<h2 class=\"elementor-heading-title elementor-size-default\"><br>Premii \u0219i distinc\u021bii<\/h2>\t\t\t\t<\/div>\n\t\t\t\t<\/div>\n\t\t\t\t\t<\/div>\n\t\t<\/div>\n\t\t\t\t\t<\/div>\n\t\t<\/section>\n\t\t\t\t<section class=\"elementor-section elementor-top-section elementor-element elementor-element-47ae9aa elementor-section-boxed elementor-section-height-default elementor-section-height-default\" data-id=\"47ae9aa\" data-element_type=\"section\" data-e-type=\"section\">\n\t\t\t\t\t\t<div class=\"elementor-container elementor-column-gap-default\">\n\t\t\t\t\t<div class=\"elementor-column elementor-col-50 elementor-top-column elementor-element elementor-element-27af556\" data-id=\"27af556\" data-element_type=\"column\" data-e-type=\"column\">\n\t\t\t<div class=\"elementor-widget-wrap elementor-element-populated\">\n\t\t\t\t\t\t<div class=\"elementor-element elementor-element-c7ca295 elementor-widget elementor-widget-heading\" data-id=\"c7ca295\" data-element_type=\"widget\" data-e-type=\"widget\" data-widget_type=\"heading.default\">\n\t\t\t\t<div class=\"elementor-widget-container\">\n\t\t\t\t\t<h2 class=\"elementor-heading-title elementor-size-medium\">Platforma c\u00e2\u0219tig\u0103toare la categoria APLICA\u021aII<\/h2>\t\t\t\t<\/div>\n\t\t\t\t<\/div>\n\t\t\t\t<div class=\"elementor-element elementor-element-748e9f4 elementor-widget elementor-widget-image\" data-id=\"748e9f4\" data-element_type=\"widget\" data-e-type=\"widget\" data-widget_type=\"image.default\">\n\t\t\t\t<div class=\"elementor-widget-container\">\n\t\t\t\t\t\t\t\t\t\t\t\t\t\t\t\t<a href=\"https:\/\/www.youtube.com\/@secretelemuzicii\/featured\">\n\t\t\t\t\t\t\t<img decoding=\"async\" width=\"1920\" height=\"1080\" src=\"https:\/\/secretelemuzicii.com\/wp-content\/uploads\/2022\/08\/Screenshot-2022-01-22-13.57.48-1920x1080.png\" class=\"attachment-signify-slider size-signify-slider wp-image-2927\" alt=\"\" srcset=\"https:\/\/secretelemuzicii.com\/wp-content\/uploads\/2022\/08\/Screenshot-2022-01-22-13.57.48.png 1920w, https:\/\/secretelemuzicii.com\/wp-content\/uploads\/2022\/08\/Screenshot-2022-01-22-13.57.48-1080x608.png 1080w, https:\/\/secretelemuzicii.com\/wp-content\/uploads\/2022\/08\/Screenshot-2022-01-22-13.57.48-600x338.png 600w, https:\/\/secretelemuzicii.com\/wp-content\/uploads\/2022\/08\/Screenshot-2022-01-22-13.57.48-200x113.png 200w, https:\/\/secretelemuzicii.com\/wp-content\/uploads\/2022\/08\/Screenshot-2022-01-22-13.57.48-50x28.png 50w, https:\/\/secretelemuzicii.com\/wp-content\/uploads\/2022\/08\/Screenshot-2022-01-22-13.57.48-768x432.png 768w, https:\/\/secretelemuzicii.com\/wp-content\/uploads\/2022\/08\/Screenshot-2022-01-22-13.57.48-1536x864.png 1536w\" sizes=\"(max-width: 1920px) 100vw, 1920px\" \/>\t\t\t\t\t\t\t\t<\/a>\n\t\t\t\t\t\t\t\t\t\t\t\t\t\t\t<\/div>\n\t\t\t\t<\/div>\n\t\t\t\t<div class=\"elementor-element elementor-element-a43c6bc elementor-widget elementor-widget-heading\" data-id=\"a43c6bc\" data-element_type=\"widget\" data-e-type=\"widget\" data-widget_type=\"heading.default\">\n\t\t\t\t<div class=\"elementor-widget-container\">\n\t\t\t\t\t<h2 class=\"elementor-heading-title elementor-size-large\"><a href=\"https:\/\/www.digitaliada.ro\/Concursul-Digitaliada-anunta-castigatorii-celei-de-a-sasea-editii-ac421\">Digitaliada 2022<\/a><\/h2>\t\t\t\t<\/div>\n\t\t\t\t<\/div>\n\t\t\t\t\t<\/div>\n\t\t<\/div>\n\t\t\t\t<div class=\"elementor-column elementor-col-50 elementor-top-column elementor-element elementor-element-5ecd4aa\" data-id=\"5ecd4aa\" data-element_type=\"column\" data-e-type=\"column\">\n\t\t\t<div class=\"elementor-widget-wrap elementor-element-populated\">\n\t\t\t\t\t\t<div class=\"elementor-element elementor-element-481c419 elementor-widget elementor-widget-heading\" data-id=\"481c419\" data-element_type=\"widget\" data-e-type=\"widget\" data-widget_type=\"heading.default\">\n\t\t\t\t<div class=\"elementor-widget-container\">\n\t\t\t\t\t<h2 class=\"elementor-heading-title elementor-size-medium\">Proiectarea unit\u0103\u021bii de \u00eenv\u0103\u021bare: RITMUL<\/h2>\t\t\t\t<\/div>\n\t\t\t\t<\/div>\n\t\t\t\t<div class=\"elementor-element elementor-element-37d9d63 elementor-widget elementor-widget-image\" data-id=\"37d9d63\" data-element_type=\"widget\" data-e-type=\"widget\" data-widget_type=\"image.default\">\n\t\t\t\t<div class=\"elementor-widget-container\">\n\t\t\t\t\t\t\t\t\t\t\t\t\t\t\t\t<a href=\"https:\/\/view.genial.ly\/6436737e74960500185315c3\/presentation-proiectarea-unitatii-de-invatare-ritmul\">\n\t\t\t\t\t\t\t<img decoding=\"async\" width=\"1248\" height=\"701\" src=\"https:\/\/secretelemuzicii.com\/wp-content\/uploads\/2023\/08\/Thumbnail.jpg\" class=\"attachment-signify-slider size-signify-slider wp-image-3023\" alt=\"\" srcset=\"https:\/\/secretelemuzicii.com\/wp-content\/uploads\/2023\/08\/Thumbnail.jpg 1248w, https:\/\/secretelemuzicii.com\/wp-content\/uploads\/2023\/08\/Thumbnail-1080x607.jpg 1080w, https:\/\/secretelemuzicii.com\/wp-content\/uploads\/2023\/08\/Thumbnail-600x337.jpg 600w, https:\/\/secretelemuzicii.com\/wp-content\/uploads\/2023\/08\/Thumbnail-200x112.jpg 200w, https:\/\/secretelemuzicii.com\/wp-content\/uploads\/2023\/08\/Thumbnail-50x28.jpg 50w, https:\/\/secretelemuzicii.com\/wp-content\/uploads\/2023\/08\/Thumbnail-768x431.jpg 768w\" sizes=\"(max-width: 1248px) 100vw, 1248px\" \/>\t\t\t\t\t\t\t\t<\/a>\n\t\t\t\t\t\t\t\t\t\t\t\t\t\t\t<\/div>\n\t\t\t\t<\/div>\n\t\t\t\t<div class=\"elementor-element elementor-element-06ced96 elementor-widget elementor-widget-heading\" data-id=\"06ced96\" data-element_type=\"widget\" data-e-type=\"widget\" data-widget_type=\"heading.default\">\n\t\t\t\t<div class=\"elementor-widget-container\">\n\t\t\t\t\t<h2 class=\"elementor-heading-title elementor-size-medium\"><a href=\"https:\/\/www.digitaliada.ro\/Concursul-Digitaliada-anunta-castigatorii-celei-de-a-saptea-editii-ac441\"><span style=\"color: var( --e-global-color-primary );font-family: var( --e-global-typography-primary-font-family ), Sans-serif;font-size: 29px;font-weight: var( --e-global-typography-primary-font-weight )\">Digitaliada 2023<\/span><\/a><\/h2>\t\t\t\t<\/div>\n\t\t\t\t<\/div>\n\t\t\t\t\t<\/div>\n\t\t<\/div>\n\t\t\t\t\t<\/div>\n\t\t<\/section>\n\t\t\t\t<section class=\"elementor-section elementor-top-section elementor-element elementor-element-32ba669 elementor-section-boxed elementor-section-height-default elementor-section-height-default\" data-id=\"32ba669\" data-element_type=\"section\" data-e-type=\"section\">\n\t\t\t\t\t\t<div class=\"elementor-container elementor-column-gap-default\">\n\t\t\t\t\t<div class=\"elementor-column elementor-col-100 elementor-top-column elementor-element elementor-element-0e4bceb\" data-id=\"0e4bceb\" data-element_type=\"column\" data-e-type=\"column\">\n\t\t\t<div class=\"elementor-widget-wrap elementor-element-populated\">\n\t\t\t\t\t\t<div class=\"elementor-element elementor-element-4a1e10c elementor-widget elementor-widget-heading\" data-id=\"4a1e10c\" data-element_type=\"widget\" data-e-type=\"widget\" data-widget_type=\"heading.default\">\n\t\t\t\t<div class=\"elementor-widget-container\">\n\t\t\t\t\t<h2 class=\"elementor-heading-title elementor-size-large\">C\u00e2\u0219tig\u0103tor al sec\u021biunii: materiale video<\/h2>\t\t\t\t<\/div>\n\t\t\t\t<\/div>\n\t\t\t\t<div class=\"elementor-element elementor-element-86b33e6 elementor-widget elementor-widget-image\" data-id=\"86b33e6\" data-element_type=\"widget\" data-e-type=\"widget\" data-widget_type=\"image.default\">\n\t\t\t\t<div class=\"elementor-widget-container\">\n\t\t\t\t\t\t\t\t\t\t\t\t\t\t\t\t<a href=\"https:\/\/youtu.be\/S8CzFgBs1Pc\">\n\t\t\t\t\t\t\t<img loading=\"lazy\" decoding=\"async\" width=\"1536\" height=\"865\" src=\"https:\/\/secretelemuzicii.com\/wp-content\/uploads\/2022\/08\/5.-Paharele-muzicale-cum-obtinem-notele-muzicale-1536x865.png\" class=\"attachment-1536x1536 size-1536x1536 wp-image-2929\" alt=\"\" srcset=\"https:\/\/secretelemuzicii.com\/wp-content\/uploads\/2022\/08\/5.-Paharele-muzicale-cum-obtinem-notele-muzicale-1536x865.png 1536w, https:\/\/secretelemuzicii.com\/wp-content\/uploads\/2022\/08\/5.-Paharele-muzicale-cum-obtinem-notele-muzicale-1080x608.png 1080w, https:\/\/secretelemuzicii.com\/wp-content\/uploads\/2022\/08\/5.-Paharele-muzicale-cum-obtinem-notele-muzicale-600x338.png 600w, https:\/\/secretelemuzicii.com\/wp-content\/uploads\/2022\/08\/5.-Paharele-muzicale-cum-obtinem-notele-muzicale-200x113.png 200w, https:\/\/secretelemuzicii.com\/wp-content\/uploads\/2022\/08\/5.-Paharele-muzicale-cum-obtinem-notele-muzicale-50x28.png 50w, https:\/\/secretelemuzicii.com\/wp-content\/uploads\/2022\/08\/5.-Paharele-muzicale-cum-obtinem-notele-muzicale-768x432.png 768w, https:\/\/secretelemuzicii.com\/wp-content\/uploads\/2022\/08\/5.-Paharele-muzicale-cum-obtinem-notele-muzicale.png 1858w\" sizes=\"(max-width: 1536px) 100vw, 1536px\" \/>\t\t\t\t\t\t\t\t<\/a>\n\t\t\t\t\t\t\t\t\t\t\t\t\t\t\t<\/div>\n\t\t\t\t<\/div>\n\t\t\t\t<div class=\"elementor-element elementor-element-0da325a elementor-widget elementor-widget-heading\" data-id=\"0da325a\" data-element_type=\"widget\" data-e-type=\"widget\" data-widget_type=\"heading.default\">\n\t\t\t\t<div class=\"elementor-widget-container\">\n\t\t\t\t\t<h2 class=\"elementor-heading-title elementor-size-large\"><a href=\"https:\/\/www.digitaliada.ro\/10-resurse-digitale-educationale-castigatoare-la-cea-de-a-cincea-editie-a-concursului-Digitaliada-ac365\">Digitaliada 2021<\/a><\/h2>\t\t\t\t<\/div>\n\t\t\t\t<\/div>\n\t\t\t\t\t<\/div>\n\t\t<\/div>\n\t\t\t\t\t<\/div>\n\t\t<\/section>\n\t\t\t\t<\/div>","protected":false},"excerpt":{"rendered":"<p>\u00a0 \u00a0 \u00a0 \u00a0 \u00a0 \u00a0 \u00a0Secretele muzicii reprezint\u0103 r\u0103spunsul la \u00eentrebarea-refren: Oare \u0219coala ar putea fi \u0219i distractiv\u0103?\u00a0 \u00a0<\/p>\n<p><a href=\"https:\/\/secretelemuzicii.com\/ro\/despre\/\" class=\"more-link\">Continue reading<span class=\"screen-reader-text\">Despre<\/span><\/a><\/p>","protected":false},"author":1,"featured_media":0,"parent":0,"menu_order":0,"comment_status":"closed","ping_status":"closed","template":"","meta":{"_coblocks_attr":"","_coblocks_dimensions":"","_coblocks_responsive_height":"","_coblocks_accordion_ie_support":"","_mo_disable_npp":"","_ppp_document_settings_meta":"","footnotes":""},"class_list":["post-2331","page","type-page","status-publish","hentry"],"yoast_head":"<!-- This site is optimized with the Yoast SEO plugin v27.4 - https:\/\/yoast.com\/product\/yoast-seo-wordpress\/ -->\n<title>Despre - Secretele Muzicii<\/title>\n<meta name=\"robots\" content=\"index, follow, max-snippet:-1, max-image-preview:large, max-video-preview:-1\" \/>\n<link rel=\"canonical\" href=\"https:\/\/secretelemuzicii.com\/ro\/despre\/\" \/>\n<meta property=\"og:locale\" content=\"ro_RO\" \/>\n<meta property=\"og:type\" content=\"article\" \/>\n<meta property=\"og:title\" content=\"Despre - Secretele Muzicii\" \/>\n<meta property=\"og:description\" content=\"\u00a0 \u00a0 \u00a0 \u00a0 \u00a0 \u00a0 \u00a0Secretele muzicii reprezint\u0103 r\u0103spunsul la \u00eentrebarea-refren: Oare \u0219coala ar putea fi \u0219i distractiv\u0103?\u00a0 \u00a0Continue readingDespre\" \/>\n<meta property=\"og:url\" content=\"https:\/\/secretelemuzicii.com\/ro\/despre\/\" \/>\n<meta property=\"og:site_name\" content=\"Secretele Muzicii\" \/>\n<meta property=\"article:publisher\" content=\"https:\/\/www.facebook.com\/klaudyasecretelemuzicii\" \/>\n<meta property=\"article:modified_time\" content=\"2023-08-04T07:07:06+00:00\" \/>\n<meta property=\"og:image\" content=\"https:\/\/secretelemuzicii.com\/wp-content\/uploads\/2022\/01\/MAZ06376-crop-2-name-2-scaled.jpg\" \/>\n<meta name=\"twitter:card\" content=\"summary_large_image\" \/>\n<meta name=\"twitter:label1\" content=\"Timp estimat pentru citire\" \/>\n\t<meta name=\"twitter:data1\" content=\"2 minute\" \/>\n<script type=\"application\/ld+json\" class=\"yoast-schema-graph\">{\"@context\":\"https:\\\/\\\/schema.org\",\"@graph\":[{\"@type\":\"WebPage\",\"@id\":\"https:\\\/\\\/secretelemuzicii.com\\\/despre\\\/\",\"url\":\"https:\\\/\\\/secretelemuzicii.com\\\/despre\\\/\",\"name\":\"Despre - Secretele Muzicii\",\"isPartOf\":{\"@id\":\"https:\\\/\\\/secretelemuzicii.com\\\/#website\"},\"primaryImageOfPage\":{\"@id\":\"https:\\\/\\\/secretelemuzicii.com\\\/despre\\\/#primaryimage\"},\"image\":{\"@id\":\"https:\\\/\\\/secretelemuzicii.com\\\/despre\\\/#primaryimage\"},\"thumbnailUrl\":\"https:\\\/\\\/secretelemuzicii.com\\\/wp-content\\\/uploads\\\/2022\\\/01\\\/MAZ06376-crop-2-name-2-scaled.jpg\",\"datePublished\":\"2022-01-26T21:01:35+00:00\",\"dateModified\":\"2023-08-04T07:07:06+00:00\",\"breadcrumb\":{\"@id\":\"https:\\\/\\\/secretelemuzicii.com\\\/despre\\\/#breadcrumb\"},\"inLanguage\":\"ro-RO\",\"potentialAction\":[{\"@type\":\"ReadAction\",\"target\":[\"https:\\\/\\\/secretelemuzicii.com\\\/despre\\\/\"]}]},{\"@type\":\"ImageObject\",\"inLanguage\":\"ro-RO\",\"@id\":\"https:\\\/\\\/secretelemuzicii.com\\\/despre\\\/#primaryimage\",\"url\":\"https:\\\/\\\/secretelemuzicii.com\\\/wp-content\\\/uploads\\\/2022\\\/01\\\/MAZ06376-crop-2-name-2-scaled.jpg\",\"contentUrl\":\"https:\\\/\\\/secretelemuzicii.com\\\/wp-content\\\/uploads\\\/2022\\\/01\\\/MAZ06376-crop-2-name-2-scaled.jpg\"},{\"@type\":\"BreadcrumbList\",\"@id\":\"https:\\\/\\\/secretelemuzicii.com\\\/despre\\\/#breadcrumb\",\"itemListElement\":[{\"@type\":\"ListItem\",\"position\":1,\"name\":\"Home\",\"item\":\"https:\\\/\\\/secretelemuzicii.com\\\/\"},{\"@type\":\"ListItem\",\"position\":2,\"name\":\"Despre\"}]},{\"@type\":\"WebSite\",\"@id\":\"https:\\\/\\\/secretelemuzicii.com\\\/#website\",\"url\":\"https:\\\/\\\/secretelemuzicii.com\\\/\",\"name\":\"Secretele Muzicii\",\"description\":\"\u00cenva\u021b\u0103 muzic\u0103 simplu, creativ \u0219i distractiv!\",\"publisher\":{\"@id\":\"https:\\\/\\\/secretelemuzicii.com\\\/#organization\"},\"potentialAction\":[{\"@type\":\"SearchAction\",\"target\":{\"@type\":\"EntryPoint\",\"urlTemplate\":\"https:\\\/\\\/secretelemuzicii.com\\\/?s={search_term_string}\"},\"query-input\":{\"@type\":\"PropertyValueSpecification\",\"valueRequired\":true,\"valueName\":\"search_term_string\"}}],\"inLanguage\":\"ro-RO\"},{\"@type\":\"Organization\",\"@id\":\"https:\\\/\\\/secretelemuzicii.com\\\/#organization\",\"name\":\"Secretele Muzicii\",\"url\":\"https:\\\/\\\/secretelemuzicii.com\\\/\",\"logo\":{\"@type\":\"ImageObject\",\"inLanguage\":\"ro-RO\",\"@id\":\"https:\\\/\\\/secretelemuzicii.com\\\/#\\\/schema\\\/logo\\\/image\\\/\",\"url\":\"https:\\\/\\\/secretelemuzicii.com\\\/wp-content\\\/uploads\\\/2022\\\/01\\\/cropped-Logo-Chitara-Cheia-sol-Alb.png\",\"contentUrl\":\"https:\\\/\\\/secretelemuzicii.com\\\/wp-content\\\/uploads\\\/2022\\\/01\\\/cropped-Logo-Chitara-Cheia-sol-Alb.png\",\"width\":2481,\"height\":2480,\"caption\":\"Secretele Muzicii\"},\"image\":{\"@id\":\"https:\\\/\\\/secretelemuzicii.com\\\/#\\\/schema\\\/logo\\\/image\\\/\"},\"sameAs\":[\"https:\\\/\\\/www.facebook.com\\\/klaudyasecretelemuzicii\",\"https:\\\/\\\/ro.linkedin.com\\\/in\\\/claudia-mazilu-8b1225177\",\"https:\\\/\\\/www.youtube.com\\\/@secretelemuzicii\\\/featured\"]}]}<\/script>\n<!-- \/ Yoast SEO plugin. -->","yoast_head_json":{"title":"Despre - Secretele Muzicii","robots":{"index":"index","follow":"follow","max-snippet":"max-snippet:-1","max-image-preview":"max-image-preview:large","max-video-preview":"max-video-preview:-1"},"canonical":"https:\/\/secretelemuzicii.com\/ro\/despre\/","og_locale":"ro_RO","og_type":"article","og_title":"Despre - Secretele Muzicii","og_description":"\u00a0 \u00a0 \u00a0 \u00a0 \u00a0 \u00a0 \u00a0Secretele muzicii reprezint\u0103 r\u0103spunsul la \u00eentrebarea-refren: Oare \u0219coala ar putea fi \u0219i distractiv\u0103?\u00a0 \u00a0Continue readingDespre","og_url":"https:\/\/secretelemuzicii.com\/ro\/despre\/","og_site_name":"Secretele Muzicii","article_publisher":"https:\/\/www.facebook.com\/klaudyasecretelemuzicii","article_modified_time":"2023-08-04T07:07:06+00:00","og_image":[{"url":"https:\/\/secretelemuzicii.com\/wp-content\/uploads\/2022\/01\/MAZ06376-crop-2-name-2-scaled.jpg","type":"","width":"","height":""}],"twitter_card":"summary_large_image","twitter_misc":{"Timp estimat pentru citire":"2 minute"},"schema":{"@context":"https:\/\/schema.org","@graph":[{"@type":"WebPage","@id":"https:\/\/secretelemuzicii.com\/despre\/","url":"https:\/\/secretelemuzicii.com\/despre\/","name":"Despre - Secretele Muzicii","isPartOf":{"@id":"https:\/\/secretelemuzicii.com\/#website"},"primaryImageOfPage":{"@id":"https:\/\/secretelemuzicii.com\/despre\/#primaryimage"},"image":{"@id":"https:\/\/secretelemuzicii.com\/despre\/#primaryimage"},"thumbnailUrl":"https:\/\/secretelemuzicii.com\/wp-content\/uploads\/2022\/01\/MAZ06376-crop-2-name-2-scaled.jpg","datePublished":"2022-01-26T21:01:35+00:00","dateModified":"2023-08-04T07:07:06+00:00","breadcrumb":{"@id":"https:\/\/secretelemuzicii.com\/despre\/#breadcrumb"},"inLanguage":"ro-RO","potentialAction":[{"@type":"ReadAction","target":["https:\/\/secretelemuzicii.com\/despre\/"]}]},{"@type":"ImageObject","inLanguage":"ro-RO","@id":"https:\/\/secretelemuzicii.com\/despre\/#primaryimage","url":"https:\/\/secretelemuzicii.com\/wp-content\/uploads\/2022\/01\/MAZ06376-crop-2-name-2-scaled.jpg","contentUrl":"https:\/\/secretelemuzicii.com\/wp-content\/uploads\/2022\/01\/MAZ06376-crop-2-name-2-scaled.jpg"},{"@type":"BreadcrumbList","@id":"https:\/\/secretelemuzicii.com\/despre\/#breadcrumb","itemListElement":[{"@type":"ListItem","position":1,"name":"Home","item":"https:\/\/secretelemuzicii.com\/"},{"@type":"ListItem","position":2,"name":"Despre"}]},{"@type":"WebSite","@id":"https:\/\/secretelemuzicii.com\/#website","url":"https:\/\/secretelemuzicii.com\/","name":"Secretele Muzicii","description":"\u00cenva\u021b\u0103 muzic\u0103 simplu, creativ \u0219i distractiv!","publisher":{"@id":"https:\/\/secretelemuzicii.com\/#organization"},"potentialAction":[{"@type":"SearchAction","target":{"@type":"EntryPoint","urlTemplate":"https:\/\/secretelemuzicii.com\/?s={search_term_string}"},"query-input":{"@type":"PropertyValueSpecification","valueRequired":true,"valueName":"search_term_string"}}],"inLanguage":"ro-RO"},{"@type":"Organization","@id":"https:\/\/secretelemuzicii.com\/#organization","name":"Secretele Muzicii","url":"https:\/\/secretelemuzicii.com\/","logo":{"@type":"ImageObject","inLanguage":"ro-RO","@id":"https:\/\/secretelemuzicii.com\/#\/schema\/logo\/image\/","url":"https:\/\/secretelemuzicii.com\/wp-content\/uploads\/2022\/01\/cropped-Logo-Chitara-Cheia-sol-Alb.png","contentUrl":"https:\/\/secretelemuzicii.com\/wp-content\/uploads\/2022\/01\/cropped-Logo-Chitara-Cheia-sol-Alb.png","width":2481,"height":2480,"caption":"Secretele Muzicii"},"image":{"@id":"https:\/\/secretelemuzicii.com\/#\/schema\/logo\/image\/"},"sameAs":["https:\/\/www.facebook.com\/klaudyasecretelemuzicii","https:\/\/ro.linkedin.com\/in\/claudia-mazilu-8b1225177","https:\/\/www.youtube.com\/@secretelemuzicii\/featured"]}]}},"_links":{"self":[{"href":"https:\/\/secretelemuzicii.com\/ro\/wp-json\/wp\/v2\/pages\/2331","targetHints":{"allow":["GET"]}}],"collection":[{"href":"https:\/\/secretelemuzicii.com\/ro\/wp-json\/wp\/v2\/pages"}],"about":[{"href":"https:\/\/secretelemuzicii.com\/ro\/wp-json\/wp\/v2\/types\/page"}],"author":[{"embeddable":true,"href":"https:\/\/secretelemuzicii.com\/ro\/wp-json\/wp\/v2\/users\/1"}],"replies":[{"embeddable":true,"href":"https:\/\/secretelemuzicii.com\/ro\/wp-json\/wp\/v2\/comments?post=2331"}],"version-history":[{"count":87,"href":"https:\/\/secretelemuzicii.com\/ro\/wp-json\/wp\/v2\/pages\/2331\/revisions"}],"predecessor-version":[{"id":3457,"href":"https:\/\/secretelemuzicii.com\/ro\/wp-json\/wp\/v2\/pages\/2331\/revisions\/3457"}],"wp:attachment":[{"href":"https:\/\/secretelemuzicii.com\/ro\/wp-json\/wp\/v2\/media?parent=2331"}],"curies":[{"name":"wp","href":"https:\/\/api.w.org\/{rel}","templated":true}]}}