{"id":4402,"date":"2024-03-29T22:00:47","date_gmt":"2024-03-29T22:00:47","guid":{"rendered":"https:\/\/secretelemuzicii.com\/?post_type=product&#038;p=4402"},"modified":"2024-04-01T21:28:54","modified_gmt":"2024-04-01T21:28:54","slug":"invata-pianul-cu-mami-si-tati-ebook","status":"publish","type":"product","link":"https:\/\/secretelemuzicii.com\/ro\/produs\/invata-pianul-cu-mami-si-tati-ebook\/","title":{"rendered":"\u00cenva\u021b\u0103 PIANUL cu mami \u0219i tati"},"content":{"rendered":"<div data-elementor-type=\"wp-post\" data-elementor-id=\"4402\" class=\"elementor elementor-4402\">\n\t\t\t\t<div class=\"elementor-element elementor-element-c7b82f4 e-flex e-con-boxed e-con e-parent\" data-id=\"c7b82f4\" data-element_type=\"container\" data-e-type=\"container\">\n\t\t\t\t\t<div class=\"e-con-inner\">\n\t\t\t\t<div class=\"elementor-element elementor-element-d03ca31 elementor-widget elementor-widget-html\" data-id=\"d03ca31\" data-element_type=\"widget\" data-e-type=\"widget\" data-widget_type=\"html.default\">\n\t\t\t\t<div class=\"elementor-widget-container\">\n\t\t\t\t\t<div style=\"width: 100%;\"><div style=\"position: relative; padding-bottom: 56.25%; padding-top: 0; height: 0;\"><iframe title=\"\u00cenva\u021b\u0103 pianul cu Mami \u0219i Tati - Claudia Mazilu\" frameborder=\"0\" width=\"1200\" height=\"675\" style=\"position: absolute; top: 0; left: 0; width: 100%; height: 100%;\" src=\"https:\/\/view.genial.ly\/64eb54f7fd491900127da9c5\" type=\"text\/html\" allowscriptaccess=\"always\" allowfullscreen=\"true\" scrolling=\"yes\" allownetworking=\"all\"><\/iframe> <\/div> <\/div>\t\t\t\t<\/div>\n\t\t\t\t<\/div>\n\t\t\t\t\t<\/div>\n\t\t\t\t<\/div>\n\t\t<div class=\"elementor-element elementor-element-1dbd61f e-flex e-con-boxed e-con e-parent\" data-id=\"1dbd61f\" data-element_type=\"container\" data-e-type=\"container\">\n\t\t\t\t\t<div class=\"e-con-inner\">\n\t\t\t\t\t<\/div>\n\t\t\t\t<\/div>\n\t\t\t\t<\/div>","protected":false},"excerpt":{"rendered":"","protected":false},"featured_media":4531,"template":"","meta":{"_coblocks_attr":"","_coblocks_dimensions":"","_coblocks_responsive_height":"","_coblocks_accordion_ie_support":"","_mo_disable_npp":"","_ppp_document_settings_meta":""},"product_brand":[],"product_cat":[56],"product_tag":[],"class_list":{"0":"post-4402","1":"product","2":"type-product","3":"status-publish","4":"has-post-thumbnail","6":"product_cat-ebook","8":"first","9":"instock","10":"virtual","11":"purchasable","12":"product-type-simple"},"yoast_head":"<!-- This site is optimized with the Yoast SEO plugin v27.4 - https:\/\/yoast.com\/product\/yoast-seo-wordpress\/ -->\n<title>\u00cenva\u021b\u0103 pianul cu mami \u0219i tati<\/title>\n<meta name=\"description\" content=\"\u201c\u00cenva\u021b\u0103 pianul cu mami \u0219i tati\u201d dezv\u0103luie o c\u0103l\u0103torie minunat\u0103 pe care copilul dvs o va parcurge \u00een compania Pisicu\u021bei Mia, cu scopul de a-\u0219i \u00eendeplini visul de a deveni muzician.\" \/>\n<meta name=\"robots\" content=\"index, follow, max-snippet:-1, max-image-preview:large, max-video-preview:-1\" \/>\n<link rel=\"canonical\" href=\"https:\/\/secretelemuzicii.com\/ro\/produs\/invata-pianul-cu-mami-si-tati-ebook\/\" \/>\n<meta property=\"og:locale\" content=\"ro_RO\" \/>\n<meta property=\"og:type\" content=\"article\" \/>\n<meta property=\"og:title\" content=\"\u00cenva\u021b\u0103 pianul cu mami \u0219i tati\" \/>\n<meta property=\"og:description\" content=\"\u201c\u00cenva\u021b\u0103 pianul cu mami \u0219i tati\u201d dezv\u0103luie o c\u0103l\u0103torie minunat\u0103 pe care copilul dvs o va parcurge \u00een compania Pisicu\u021bei Mia, cu scopul de a-\u0219i \u00eendeplini visul de a deveni muzician.\" \/>\n<meta property=\"og:url\" content=\"https:\/\/secretelemuzicii.com\/ro\/produs\/invata-pianul-cu-mami-si-tati-ebook\/\" \/>\n<meta property=\"og:site_name\" content=\"Secretele Muzicii\" \/>\n<meta property=\"article:publisher\" content=\"https:\/\/www.facebook.com\/klaudyasecretelemuzicii\" \/>\n<meta property=\"article:modified_time\" content=\"2024-04-01T21:28:54+00:00\" \/>\n<meta property=\"og:image\" content=\"https:\/\/secretelemuzicii.com\/wp-content\/uploads\/2024\/03\/Synced-Sequence.00_09_38_45.Still003.jpg\" \/>\n\t<meta property=\"og:image:width\" content=\"1920\" \/>\n\t<meta property=\"og:image:height\" content=\"1080\" \/>\n\t<meta property=\"og:image:type\" content=\"image\/jpeg\" \/>\n<meta name=\"twitter:card\" content=\"summary_large_image\" \/>\n<script type=\"application\/ld+json\" class=\"yoast-schema-graph\">{\"@context\":\"https:\\\/\\\/schema.org\",\"@graph\":[{\"@type\":\"WebPage\",\"@id\":\"https:\\\/\\\/secretelemuzicii.com\\\/product\\\/invata-pianul-cu-mami-si-tati-ebook\\\/\",\"url\":\"https:\\\/\\\/secretelemuzicii.com\\\/product\\\/invata-pianul-cu-mami-si-tati-ebook\\\/\",\"name\":\"\u00cenva\u021b\u0103 pianul cu mami \u0219i tati\",\"isPartOf\":{\"@id\":\"https:\\\/\\\/secretelemuzicii.com\\\/#website\"},\"primaryImageOfPage\":{\"@id\":\"https:\\\/\\\/secretelemuzicii.com\\\/product\\\/invata-pianul-cu-mami-si-tati-ebook\\\/#primaryimage\"},\"image\":{\"@id\":\"https:\\\/\\\/secretelemuzicii.com\\\/product\\\/invata-pianul-cu-mami-si-tati-ebook\\\/#primaryimage\"},\"thumbnailUrl\":\"https:\\\/\\\/secretelemuzicii.com\\\/wp-content\\\/uploads\\\/2024\\\/03\\\/Synced-Sequence.00_09_38_45.Still003.jpg\",\"datePublished\":\"2024-03-29T22:00:47+00:00\",\"dateModified\":\"2024-04-01T21:28:54+00:00\",\"description\":\"\u201c\u00cenva\u021b\u0103 pianul cu mami \u0219i tati\u201d dezv\u0103luie o c\u0103l\u0103torie minunat\u0103 pe care copilul dvs o va parcurge \u00een compania Pisicu\u021bei Mia, cu scopul de a-\u0219i \u00eendeplini visul de a deveni muzician.\",\"breadcrumb\":{\"@id\":\"https:\\\/\\\/secretelemuzicii.com\\\/product\\\/invata-pianul-cu-mami-si-tati-ebook\\\/#breadcrumb\"},\"inLanguage\":\"ro-RO\",\"potentialAction\":[{\"@type\":\"ReadAction\",\"target\":[\"https:\\\/\\\/secretelemuzicii.com\\\/product\\\/invata-pianul-cu-mami-si-tati-ebook\\\/\"]}]},{\"@type\":\"ImageObject\",\"inLanguage\":\"ro-RO\",\"@id\":\"https:\\\/\\\/secretelemuzicii.com\\\/product\\\/invata-pianul-cu-mami-si-tati-ebook\\\/#primaryimage\",\"url\":\"https:\\\/\\\/secretelemuzicii.com\\\/wp-content\\\/uploads\\\/2024\\\/03\\\/Synced-Sequence.00_09_38_45.Still003.jpg\",\"contentUrl\":\"https:\\\/\\\/secretelemuzicii.com\\\/wp-content\\\/uploads\\\/2024\\\/03\\\/Synced-Sequence.00_09_38_45.Still003.jpg\",\"width\":1920,\"height\":1080,\"caption\":\"Povestea personajelor muzicale\"},{\"@type\":\"BreadcrumbList\",\"@id\":\"https:\\\/\\\/secretelemuzicii.com\\\/product\\\/invata-pianul-cu-mami-si-tati-ebook\\\/#breadcrumb\",\"itemListElement\":[{\"@type\":\"ListItem\",\"position\":1,\"name\":\"Home\",\"item\":\"https:\\\/\\\/secretelemuzicii.com\\\/\"},{\"@type\":\"ListItem\",\"position\":2,\"name\":\"\u00cenva\u021b\u0103 PIANUL cu mami \u0219i tati\"}]},{\"@type\":\"WebSite\",\"@id\":\"https:\\\/\\\/secretelemuzicii.com\\\/#website\",\"url\":\"https:\\\/\\\/secretelemuzicii.com\\\/\",\"name\":\"Secretele Muzicii\",\"description\":\"\u00cenva\u021b\u0103 muzic\u0103 simplu, creativ \u0219i distractiv!\",\"publisher\":{\"@id\":\"https:\\\/\\\/secretelemuzicii.com\\\/#organization\"},\"potentialAction\":[{\"@type\":\"SearchAction\",\"target\":{\"@type\":\"EntryPoint\",\"urlTemplate\":\"https:\\\/\\\/secretelemuzicii.com\\\/?s={search_term_string}\"},\"query-input\":{\"@type\":\"PropertyValueSpecification\",\"valueRequired\":true,\"valueName\":\"search_term_string\"}}],\"inLanguage\":\"ro-RO\"},{\"@type\":\"Organization\",\"@id\":\"https:\\\/\\\/secretelemuzicii.com\\\/#organization\",\"name\":\"Secretele Muzicii\",\"url\":\"https:\\\/\\\/secretelemuzicii.com\\\/\",\"logo\":{\"@type\":\"ImageObject\",\"inLanguage\":\"ro-RO\",\"@id\":\"https:\\\/\\\/secretelemuzicii.com\\\/#\\\/schema\\\/logo\\\/image\\\/\",\"url\":\"https:\\\/\\\/secretelemuzicii.com\\\/wp-content\\\/uploads\\\/2022\\\/01\\\/cropped-Logo-Chitara-Cheia-sol-Alb.png\",\"contentUrl\":\"https:\\\/\\\/secretelemuzicii.com\\\/wp-content\\\/uploads\\\/2022\\\/01\\\/cropped-Logo-Chitara-Cheia-sol-Alb.png\",\"width\":2481,\"height\":2480,\"caption\":\"Secretele Muzicii\"},\"image\":{\"@id\":\"https:\\\/\\\/secretelemuzicii.com\\\/#\\\/schema\\\/logo\\\/image\\\/\"},\"sameAs\":[\"https:\\\/\\\/www.facebook.com\\\/klaudyasecretelemuzicii\",\"https:\\\/\\\/ro.linkedin.com\\\/in\\\/claudia-mazilu-8b1225177\",\"https:\\\/\\\/www.youtube.com\\\/@secretelemuzicii\\\/featured\"]}]}<\/script>\n<!-- \/ Yoast SEO plugin. -->","yoast_head_json":{"title":"\u00cenva\u021b\u0103 pianul cu mami \u0219i tati","description":"\u201c\u00cenva\u021b\u0103 pianul cu mami \u0219i tati\u201d dezv\u0103luie o c\u0103l\u0103torie minunat\u0103 pe care copilul dvs o va parcurge \u00een compania Pisicu\u021bei Mia, cu scopul de a-\u0219i \u00eendeplini visul de a deveni muzician.","robots":{"index":"index","follow":"follow","max-snippet":"max-snippet:-1","max-image-preview":"max-image-preview:large","max-video-preview":"max-video-preview:-1"},"canonical":"https:\/\/secretelemuzicii.com\/ro\/produs\/invata-pianul-cu-mami-si-tati-ebook\/","og_locale":"ro_RO","og_type":"article","og_title":"\u00cenva\u021b\u0103 pianul cu mami \u0219i tati","og_description":"\u201c\u00cenva\u021b\u0103 pianul cu mami \u0219i tati\u201d dezv\u0103luie o c\u0103l\u0103torie minunat\u0103 pe care copilul dvs o va parcurge \u00een compania Pisicu\u021bei Mia, cu scopul de a-\u0219i \u00eendeplini visul de a deveni muzician.","og_url":"https:\/\/secretelemuzicii.com\/ro\/produs\/invata-pianul-cu-mami-si-tati-ebook\/","og_site_name":"Secretele Muzicii","article_publisher":"https:\/\/www.facebook.com\/klaudyasecretelemuzicii","article_modified_time":"2024-04-01T21:28:54+00:00","og_image":[{"width":1920,"height":1080,"url":"https:\/\/secretelemuzicii.com\/wp-content\/uploads\/2024\/03\/Synced-Sequence.00_09_38_45.Still003.jpg","type":"image\/jpeg"}],"twitter_card":"summary_large_image","schema":{"@context":"https:\/\/schema.org","@graph":[{"@type":"WebPage","@id":"https:\/\/secretelemuzicii.com\/product\/invata-pianul-cu-mami-si-tati-ebook\/","url":"https:\/\/secretelemuzicii.com\/product\/invata-pianul-cu-mami-si-tati-ebook\/","name":"\u00cenva\u021b\u0103 pianul cu mami \u0219i tati","isPartOf":{"@id":"https:\/\/secretelemuzicii.com\/#website"},"primaryImageOfPage":{"@id":"https:\/\/secretelemuzicii.com\/product\/invata-pianul-cu-mami-si-tati-ebook\/#primaryimage"},"image":{"@id":"https:\/\/secretelemuzicii.com\/product\/invata-pianul-cu-mami-si-tati-ebook\/#primaryimage"},"thumbnailUrl":"https:\/\/secretelemuzicii.com\/wp-content\/uploads\/2024\/03\/Synced-Sequence.00_09_38_45.Still003.jpg","datePublished":"2024-03-29T22:00:47+00:00","dateModified":"2024-04-01T21:28:54+00:00","description":"\u201c\u00cenva\u021b\u0103 pianul cu mami \u0219i tati\u201d dezv\u0103luie o c\u0103l\u0103torie minunat\u0103 pe care copilul dvs o va parcurge \u00een compania Pisicu\u021bei Mia, cu scopul de a-\u0219i \u00eendeplini visul de a deveni muzician.","breadcrumb":{"@id":"https:\/\/secretelemuzicii.com\/product\/invata-pianul-cu-mami-si-tati-ebook\/#breadcrumb"},"inLanguage":"ro-RO","potentialAction":[{"@type":"ReadAction","target":["https:\/\/secretelemuzicii.com\/product\/invata-pianul-cu-mami-si-tati-ebook\/"]}]},{"@type":"ImageObject","inLanguage":"ro-RO","@id":"https:\/\/secretelemuzicii.com\/product\/invata-pianul-cu-mami-si-tati-ebook\/#primaryimage","url":"https:\/\/secretelemuzicii.com\/wp-content\/uploads\/2024\/03\/Synced-Sequence.00_09_38_45.Still003.jpg","contentUrl":"https:\/\/secretelemuzicii.com\/wp-content\/uploads\/2024\/03\/Synced-Sequence.00_09_38_45.Still003.jpg","width":1920,"height":1080,"caption":"Povestea personajelor muzicale"},{"@type":"BreadcrumbList","@id":"https:\/\/secretelemuzicii.com\/product\/invata-pianul-cu-mami-si-tati-ebook\/#breadcrumb","itemListElement":[{"@type":"ListItem","position":1,"name":"Home","item":"https:\/\/secretelemuzicii.com\/"},{"@type":"ListItem","position":2,"name":"\u00cenva\u021b\u0103 PIANUL cu mami \u0219i tati"}]},{"@type":"WebSite","@id":"https:\/\/secretelemuzicii.com\/#website","url":"https:\/\/secretelemuzicii.com\/","name":"Secretele Muzicii","description":"\u00cenva\u021b\u0103 muzic\u0103 simplu, creativ \u0219i distractiv!","publisher":{"@id":"https:\/\/secretelemuzicii.com\/#organization"},"potentialAction":[{"@type":"SearchAction","target":{"@type":"EntryPoint","urlTemplate":"https:\/\/secretelemuzicii.com\/?s={search_term_string}"},"query-input":{"@type":"PropertyValueSpecification","valueRequired":true,"valueName":"search_term_string"}}],"inLanguage":"ro-RO"},{"@type":"Organization","@id":"https:\/\/secretelemuzicii.com\/#organization","name":"Secretele Muzicii","url":"https:\/\/secretelemuzicii.com\/","logo":{"@type":"ImageObject","inLanguage":"ro-RO","@id":"https:\/\/secretelemuzicii.com\/#\/schema\/logo\/image\/","url":"https:\/\/secretelemuzicii.com\/wp-content\/uploads\/2022\/01\/cropped-Logo-Chitara-Cheia-sol-Alb.png","contentUrl":"https:\/\/secretelemuzicii.com\/wp-content\/uploads\/2022\/01\/cropped-Logo-Chitara-Cheia-sol-Alb.png","width":2481,"height":2480,"caption":"Secretele Muzicii"},"image":{"@id":"https:\/\/secretelemuzicii.com\/#\/schema\/logo\/image\/"},"sameAs":["https:\/\/www.facebook.com\/klaudyasecretelemuzicii","https:\/\/ro.linkedin.com\/in\/claudia-mazilu-8b1225177","https:\/\/www.youtube.com\/@secretelemuzicii\/featured"]}]}},"_links":{"self":[{"href":"https:\/\/secretelemuzicii.com\/ro\/wp-json\/wp\/v2\/product\/4402","targetHints":{"allow":["GET"]}}],"collection":[{"href":"https:\/\/secretelemuzicii.com\/ro\/wp-json\/wp\/v2\/product"}],"about":[{"href":"https:\/\/secretelemuzicii.com\/ro\/wp-json\/wp\/v2\/types\/product"}],"version-history":[{"count":46,"href":"https:\/\/secretelemuzicii.com\/ro\/wp-json\/wp\/v2\/product\/4402\/revisions"}],"predecessor-version":[{"id":4600,"href":"https:\/\/secretelemuzicii.com\/ro\/wp-json\/wp\/v2\/product\/4402\/revisions\/4600"}],"wp:featuredmedia":[{"embeddable":true,"href":"https:\/\/secretelemuzicii.com\/ro\/wp-json\/wp\/v2\/media\/4531"}],"wp:attachment":[{"href":"https:\/\/secretelemuzicii.com\/ro\/wp-json\/wp\/v2\/media?parent=4402"}],"wp:term":[{"taxonomy":"product_brand","embeddable":true,"href":"https:\/\/secretelemuzicii.com\/ro\/wp-json\/wp\/v2\/product_brand?post=4402"},{"taxonomy":"product_cat","embeddable":true,"href":"https:\/\/secretelemuzicii.com\/ro\/wp-json\/wp\/v2\/product_cat?post=4402"},{"taxonomy":"product_tag","embeddable":true,"href":"https:\/\/secretelemuzicii.com\/ro\/wp-json\/wp\/v2\/product_tag?post=4402"}],"curies":[{"name":"wp","href":"https:\/\/api.w.org\/{rel}","templated":true}]}}